{"id":155,"date":"2025-05-01T07:00:00","date_gmt":"2025-05-01T07:00:00","guid":{"rendered":"https:\/\/alpha-hosts.com\/?page_id=155"},"modified":"2025-11-21T09:18:30","modified_gmt":"2025-11-21T09:18:30","slug":"refund_returns","status":"publish","type":"page","link":"https:\/\/alpha-hosts.com\/de\/refund_returns\/","title":{"rendered":"Erstattungspolitik"},"content":{"rendered":"<h2 class=\"wp-block-heading\"><strong>Einf\u00fchrung<\/strong><\/h2>\n\n\n\n<p>Wir sch\u00e4tzen Ihre Entscheidung f\u00fcr eine Partnerschaft mit Icologix Ltd., eingetragen in 2 Frederick Street, Kings Cross, London, Vereinigtes K\u00f6nigreich, WC1X 0ND, mit der Registrierungsnummer 16003118, erreichbar unter <a href=\"https:\/\/alpha-hosts.com\/de\/\"><strong>www.alpha-hosts.com<\/strong><\/a>. W\u00e4hrend wir uns bem\u00fchen, unvergleichliche Dienstleistungen zu erbringen, pflegen wir eine <strong>strikte R\u00fcckerstattungsverbotspolitik<\/strong> f\u00fcr alle \u00fcber unsere Website erworbenen Dienstleistungen und Produkte. Sobald eine Transaktion abgeschlossen ist, gilt sie als vollst\u00e4ndig und kann nicht zur\u00fcckerstattet werden.<\/p>\n\n\n\n<h2 class=\"wp-block-heading\"><strong>Verantwortung f\u00fcr den Kunden<\/strong><\/h2>\n\n\n\n<p>Als gesch\u00e4tzter Kunde ist Ihre fundierte Entscheidungsfindung von entscheidender Bedeutung. Wir fordern alle Kunden dazu auf:<\/p>\n\n\n\n<ul class=\"wp-block-list\">\n<li>Pr\u00fcfen Sie vor dem Kauf sorgf\u00e4ltig die Leistungsbeschreibungen, Preise und Bedingungen.<\/li>\n\n\n\n<li>Wenden Sie sich an unser Support-Team, wenn Sie Fragen haben, bevor Sie eine Transaktion abschlie\u00dfen.<\/li>\n<\/ul>\n\n\n\n<p>Indem Sie einen Kauf abschlie\u00dfen, erkennen Sie die volle Verantwortung f\u00fcr Ihre Entscheidung an und akzeptieren die Bedingungen dieser R\u00fcckerstattungsrichtlinie.<\/p>\n\n\n\n<h2 class=\"wp-block-heading\"><strong>Au\u00dfergew\u00f6hnliche Umst\u00e4nde f\u00fcr den Erhalt einer Erstattung<\/strong><\/h2>\n\n\n\n<p>Obwohl unsere Richtlinie im Allgemeinen keine R\u00fcckerstattung vorsieht, k\u00f6nnen wir in den folgenden seltenen und au\u00dfergew\u00f6hnlichen F\u00e4llen R\u00fcckerstattungsantr\u00e4ge ber\u00fccksichtigen:<\/p>\n\n\n\n<ul class=\"wp-block-list\">\n<li><strong>Irrt\u00fcmliche Zahlungen: <\/strong>Versehentliche oder doppelte Zahlungen, die auf einen technischen oder Benutzerfehler zur\u00fcckzuf\u00fchren sind.<\/li>\n\n\n\n<li><strong>Falscher Zahlungsbetrag: <\/strong>Situationen, in denen Ihnen aufgrund eines technischen Fehlers oder eines Schreibfehlers unsererseits ein falscher Betrag berechnet wurde.<\/li>\n\n\n\n<li><strong>Zahlung unter Verwendung falscher Angaben: <\/strong>Wenn der Nachweis erbracht wird, dass eine Zahlung unter Verwendung falscher Zahlungsdaten erfolgt ist, was zu einer fehlgeschlagenen oder unvollst\u00e4ndigen Transaktion gef\u00fchrt hat.<\/li>\n\n\n\n<li><strong>Nichtlieferung einer Dienstleistung oder eines Produkts: <\/strong>F\u00e4lle, in denen die gekaufte Dienstleistung oder das gekaufte Produkt aufgrund von Faktoren, die innerhalb der Kontrolle von Alpha Hosts liegen, nicht wie beschrieben geliefert wird.<\/li>\n<\/ul>\n\n\n\n<h2 class=\"wp-block-heading\"><strong>Wie man einen Erstattungsantrag stellt<\/strong><\/h2>\n\n\n\n<ul class=\"wp-block-list\">\n<li>Wenn Sie der Meinung sind, dass auf Ihren Fall die oben genannten au\u00dfergew\u00f6hnlichen Umst\u00e4nde zutreffen, senden Sie bitte einen Erstattungsantrag an unser Support-Team.<\/li>\n\n\n\n<li>Um eine gr\u00fcndliche Pr\u00fcfung zu gew\u00e4hrleisten, sollten Sie Ihrem Antrag die folgenden Angaben beif\u00fcgen:<\/li>\n<\/ul>\n\n\n\n<ul class=\"wp-block-list\">\n<li><strong>Vollst\u00e4ndiger Name:<\/strong> Ihr Name, wie er bei der Transaktion angegeben wurde.<\/li>\n\n\n\n<li><strong>E-Mail Adresse:<\/strong> Die f\u00fcr den Kauf verwendete E-Mail-Adresse.<\/li>\n\n\n\n<li><strong>Datum der Transaktion:<\/strong> Das Datum der Zahlung.<\/li>\n\n\n\n<li><strong>Transaktions-ID oder Quittung:<\/strong> Zahlungsnachweis.<\/li>\n\n\n\n<li><strong>Ausf\u00fchrliche Erl\u00e4uterung:<\/strong> Eine klare und detaillierte Erkl\u00e4rung des Problems.<\/li>\n<\/ul>\n\n\n\n<h2 class=\"wp-block-heading\"><strong>Senden Sie Ihre Anfrage per E-Mail oder Kontaktformular<\/strong><\/h2>\n\n\n\n<ul class=\"wp-block-list\">\n<li><a href=\"mailto:info@alpha-hosts.com\"><strong>info@alpha-hosts.com<\/strong><\/a><\/li>\n\n\n\n<li><a href=\"https:\/\/alpha-hosts.com\/de\/contact-us\/\"><strong>https:\/\/alpha-hosts.com\/contact-us\/<\/strong><\/a><\/li>\n<\/ul>\n\n\n\n<p>Wir ermutigen Sie, so viele Details wie m\u00f6glich anzugeben, um den \u00dcberpr\u00fcfungsprozess zu beschleunigen.<\/p>\n\n\n\n<h2 class=\"wp-block-heading\"><strong>\u00dcberpr\u00fcfungsprozess und Entscheidung<\/strong><\/h2>\n\n\n\n<p>Nach Erhalt Ihrer R\u00fcckerstattungsanfrage wird das Alpha Hosts Team:<\/p>\n\n\n\n<ul class=\"wp-block-list\">\n<li>Pr\u00fcfen Sie die bereitgestellten Informationen gr\u00fcndlich.<\/li>\n\n\n\n<li>Pr\u00fcfen Sie die G\u00fcltigkeit des Anspruchs auf der Grundlage der in dieser Richtlinie dargelegten Umst\u00e4nde.<\/li>\n\n\n\n<li>Beantworten Sie Ihre Anfrage innerhalb von <strong>7 Arbeitstage<\/strong>.<\/li>\n<\/ul>\n\n\n\n<h2 class=\"wp-block-heading\"><strong>Benachrichtigung \u00fcber das Ergebnis<\/strong><\/h2>\n\n\n\n<p>Unsere Entscheidung \u00fcber den Erstattungsantrag wird Ihnen per E-Mail mitgeteilt. Die Entscheidungen sind endg\u00fcltig und werden nach unseren Richtlinien und den vorliegenden besonderen Umst\u00e4nden getroffen.<\/p>\n\n\n\n<h2 class=\"wp-block-heading\"><strong>Politische Aktualisierungen<\/strong><\/h2>\n\n\n\n<p>Diese Erstattungsrichtlinie wird regelm\u00e4\u00dfig aktualisiert oder ge\u00e4ndert. \u00c4nderungen treten unmittelbar nach ihrer Ver\u00f6ffentlichung auf dieser Seite in Kraft. Wir empfehlen Ihnen, diese Richtlinie regelm\u00e4\u00dfig zu \u00fcberpr\u00fcfen, um \u00fcber etwaige Aktualisierungen informiert zu sein.<\/p>\n\n\n\n<h2 class=\"wp-block-heading\"><strong>Kontakt Alpha Hosts<\/strong><\/h2>\n\n\n\n<p>Wir bei Alpha Hosts sind bestrebt, Ihnen den bestm\u00f6glichen Support zu bieten und auf alle Anfragen oder Bedenken einzugehen, die Sie in Bezug auf diese R\u00fcckerstattungsrichtlinie oder einen anderen Aspekt unserer Dienstleistungen haben. Egal, ob Sie eine Kl\u00e4rung, Unterst\u00fctzung bei einem Problem oder weitere Informationen \u00fcber unsere Angebote ben\u00f6tigen, unser Team ist bereit zu helfen.<\/p>\n\n\n\n<p>Wenn Sie Fragen oder Bedenken haben, k\u00f6nnen Sie sich gerne \u00fcber die folgenden Kontaktm\u00f6glichkeiten an uns wenden:<\/p>\n\n\n\n<ul class=\"wp-block-list\">\n<li><strong>E-Mail:<\/strong> F\u00fcr allgemeine Anfragen, Kundensupport oder um unser Team direkt zu kontaktieren, senden Sie uns bitte eine E-Mail an <a href=\"mailto:info@alpha-hosts.com\"><strong>info@alpha-hosts.com<\/strong><\/a>. Wir antworten auf alle E-Mails schnell, in der Regel innerhalb von 24-48 Stunden.<\/li>\n\n\n\n<li><strong>Telefon:<\/strong> Sie k\u00f6nnen uns auch kontaktieren unter <a href=\"tel:+447460012839\">+447460012839<\/a>. Unser Kundendienst steht Ihnen w\u00e4hrend der Gesch\u00e4ftszeiten zur Verf\u00fcgung und hilft Ihnen gerne bei Fragen oder technischen Problemen.<\/li>\n\n\n\n<li><strong>Kontakt-Formular:<\/strong> Alternativ k\u00f6nnen Sie auch unsere <a href=\"https:\/\/alpha-hosts.com\/de\/contact-us\/\"><strong>Kontakt<\/strong><\/a> Dort finden Sie ein Kontaktformular, mit dem Sie Ihre Anfragen direkt an uns richten k\u00f6nnen. Auf diese Weise erreichen Sie unser Team schnell und effizient, und wir werden daf\u00fcr sorgen, dass Ihre Nachricht umgehend bearbeitet wird.<\/li>\n<\/ul>\n\n\n\n<p>Bitte z\u00f6gern Sie nicht, sich mit uns in Verbindung zu setzen, wenn Sie eine Frage zu unseren R\u00fcckerstattungsrichtlinien oder eine Serviceanfrage haben oder Unterst\u00fctzung bei einem Problem ben\u00f6tigen. Wir sind hier, um Sie zu unterst\u00fctzen und eine reibungslose und positive Erfahrung mit Alpha Hosts zu gew\u00e4hrleisten.<\/p>","protected":false},"excerpt":{"rendered":"<p>Einleitung Wir sch\u00e4tzen Ihre Entscheidung, mit Icologix Ltd, eingetragen in 2 Frederick Street, Kings Cross, London, Vereinigtes K\u00f6nigreich, WC1X 0ND, mit der Registrierungsnummer 16003118, zug\u00e4nglich unter www.alpha-hosts.com, zusammenzuarbeiten. Obwohl wir uns bem\u00fchen, unvergleichliche Dienstleistungen zu erbringen, gilt f\u00fcr alle Dienstleistungen und Produkte, die \u00fcber unsere Website erworben werden, eine strikte R\u00fcckerstattungspolitik. Sobald eine Transaktion [...]<\/p>","protected":false},"author":1,"featured_media":377,"parent":0,"menu_order":0,"comment_status":"closed","ping_status":"closed","template":"","meta":{"_acf_changed":false,"inline_featured_image":false,"_monsterinsights_skip_tracking":false,"_monsterinsights_sitenote_active":false,"_monsterinsights_sitenote_note":"","_monsterinsights_sitenote_category":0,"footnotes":""},"class_list":["post-155","page","type-page","status-publish","has-post-thumbnail","hentry"],"acf":[],"yoast_head":"<!-- This site is optimized with the Yoast SEO plugin v25.0 - https:\/\/yoast.com\/wordpress\/plugins\/seo\/ -->\n<title>Refund Policy - Alpha Hosts<\/title>\n<meta name=\"robots\" content=\"index, follow, max-snippet:-1, max-image-preview:large, max-video-preview:-1\" \/>\n<link rel=\"canonical\" href=\"https:\/\/alpha-hosts.com\/de\/refund_returns\/\" \/>\n<meta property=\"og:locale\" content=\"de_DE\" \/>\n<meta property=\"og:type\" content=\"article\" \/>\n<meta property=\"og:title\" content=\"Refund Policy - Alpha Hosts\" \/>\n<meta property=\"og:description\" content=\"Introduction We value your decision to partner with Icologix Ltd, registered at 2 Frederick Street, Kings Cross, London, United Kingdom, WC1X 0ND, with its registration number 16003118, accessible at www.alpha-hosts.com. While we strive to deliver unparalleled services, we maintain a strict no-refund policy for all services and products purchased through our website. Once a transaction [&hellip;]\" \/>\n<meta property=\"og:url\" content=\"https:\/\/alpha-hosts.com\/de\/refund_returns\/\" \/>\n<meta property=\"og:site_name\" content=\"Alpha Hosts\" \/>\n<meta property=\"article:modified_time\" content=\"2025-11-21T09:18:30+00:00\" \/>\n<meta property=\"og:image\" content=\"https:\/\/alpha-hosts.com\/wp-content\/uploads\/2022\/05\/1024-\u00d7-514-6.png\" \/>\n\t<meta property=\"og:image:width\" content=\"1024\" \/>\n\t<meta property=\"og:image:height\" content=\"512\" \/>\n\t<meta property=\"og:image:type\" content=\"image\/png\" \/>\n<meta name=\"twitter:card\" content=\"summary_large_image\" \/>\n<meta name=\"twitter:image\" content=\"https:\/\/alpha-hosts.com\/wp-content\/uploads\/2022\/05\/1024-\u00d7-514-6.png\" \/>\n<meta name=\"twitter:label1\" content=\"Gesch\u00e4tzte Lesezeit\" \/>\n\t<meta name=\"twitter:data1\" content=\"4\u00a0Minuten\" \/>\n<script type=\"application\/ld+json\" class=\"yoast-schema-graph\">{\"@context\":\"https:\/\/schema.org\",\"@graph\":[{\"@type\":\"WebPage\",\"@id\":\"https:\/\/alpha-hosts.com\/refund_returns\/\",\"url\":\"https:\/\/alpha-hosts.com\/refund_returns\/\",\"name\":\"Refund Policy - Alpha Hosts\",\"isPartOf\":{\"@id\":\"https:\/\/alpha-hosts.com\/#website\"},\"primaryImageOfPage\":{\"@id\":\"https:\/\/alpha-hosts.com\/refund_returns\/#primaryimage\"},\"image\":{\"@id\":\"https:\/\/alpha-hosts.com\/refund_returns\/#primaryimage\"},\"thumbnailUrl\":\"https:\/\/alpha-hosts.com\/wp-content\/uploads\/2022\/05\/Frame-7.png\",\"datePublished\":\"2025-05-01T07:00:00+00:00\",\"dateModified\":\"2025-11-21T09:18:30+00:00\",\"breadcrumb\":{\"@id\":\"https:\/\/alpha-hosts.com\/refund_returns\/#breadcrumb\"},\"inLanguage\":\"de\",\"potentialAction\":[{\"@type\":\"ReadAction\",\"target\":[\"https:\/\/alpha-hosts.com\/refund_returns\/\"]}]},{\"@type\":\"ImageObject\",\"inLanguage\":\"de\",\"@id\":\"https:\/\/alpha-hosts.com\/refund_returns\/#primaryimage\",\"url\":\"https:\/\/alpha-hosts.com\/wp-content\/uploads\/2022\/05\/Frame-7.png\",\"contentUrl\":\"https:\/\/alpha-hosts.com\/wp-content\/uploads\/2022\/05\/Frame-7.png\",\"width\":1080,\"height\":1080},{\"@type\":\"BreadcrumbList\",\"@id\":\"https:\/\/alpha-hosts.com\/refund_returns\/#breadcrumb\",\"itemListElement\":[{\"@type\":\"ListItem\",\"position\":1,\"name\":\"Home\",\"item\":\"https:\/\/alpha-hosts.com\/\"},{\"@type\":\"ListItem\",\"position\":2,\"name\":\"Refund Policy\"}]},{\"@type\":\"WebSite\",\"@id\":\"https:\/\/alpha-hosts.com\/#website\",\"url\":\"https:\/\/alpha-hosts.com\/\",\"name\":\"Alpha Hosts\",\"description\":\"\",\"potentialAction\":[{\"@type\":\"SearchAction\",\"target\":{\"@type\":\"EntryPoint\",\"urlTemplate\":\"https:\/\/alpha-hosts.com\/?s={search_term_string}\"},\"query-input\":{\"@type\":\"PropertyValueSpecification\",\"valueRequired\":true,\"valueName\":\"search_term_string\"}}],\"inLanguage\":\"de\"}]}<\/script>\n<!-- \/ Yoast SEO plugin. -->","yoast_head_json":{"title":"Refund Policy - Alpha Hosts","robots":{"index":"index","follow":"follow","max-snippet":"max-snippet:-1","max-image-preview":"max-image-preview:large","max-video-preview":"max-video-preview:-1"},"canonical":"https:\/\/alpha-hosts.com\/de\/refund_returns\/","og_locale":"de_DE","og_type":"article","og_title":"Refund Policy - Alpha Hosts","og_description":"Introduction We value your decision to partner with Icologix Ltd, registered at 2 Frederick Street, Kings Cross, London, United Kingdom, WC1X 0ND, with its registration number 16003118, accessible at www.alpha-hosts.com. While we strive to deliver unparalleled services, we maintain a strict no-refund policy for all services and products purchased through our website. Once a transaction [&hellip;]","og_url":"https:\/\/alpha-hosts.com\/de\/refund_returns\/","og_site_name":"Alpha Hosts","article_modified_time":"2025-11-21T09:18:30+00:00","og_image":[{"width":1024,"height":512,"url":"https:\/\/alpha-hosts.com\/wp-content\/uploads\/2022\/05\/1024-\u00d7-514-6.png","type":"image\/png"}],"twitter_card":"summary_large_image","twitter_image":"https:\/\/alpha-hosts.com\/wp-content\/uploads\/2022\/05\/1024-\u00d7-514-6.png","twitter_misc":{"Gesch\u00e4tzte Lesezeit":"4\u00a0Minuten"},"schema":{"@context":"https:\/\/schema.org","@graph":[{"@type":"WebPage","@id":"https:\/\/alpha-hosts.com\/refund_returns\/","url":"https:\/\/alpha-hosts.com\/refund_returns\/","name":"Refund Policy - Alpha Hosts","isPartOf":{"@id":"https:\/\/alpha-hosts.com\/#website"},"primaryImageOfPage":{"@id":"https:\/\/alpha-hosts.com\/refund_returns\/#primaryimage"},"image":{"@id":"https:\/\/alpha-hosts.com\/refund_returns\/#primaryimage"},"thumbnailUrl":"https:\/\/alpha-hosts.com\/wp-content\/uploads\/2022\/05\/Frame-7.png","datePublished":"2025-05-01T07:00:00+00:00","dateModified":"2025-11-21T09:18:30+00:00","breadcrumb":{"@id":"https:\/\/alpha-hosts.com\/refund_returns\/#breadcrumb"},"inLanguage":"de","potentialAction":[{"@type":"ReadAction","target":["https:\/\/alpha-hosts.com\/refund_returns\/"]}]},{"@type":"ImageObject","inLanguage":"de","@id":"https:\/\/alpha-hosts.com\/refund_returns\/#primaryimage","url":"https:\/\/alpha-hosts.com\/wp-content\/uploads\/2022\/05\/Frame-7.png","contentUrl":"https:\/\/alpha-hosts.com\/wp-content\/uploads\/2022\/05\/Frame-7.png","width":1080,"height":1080},{"@type":"BreadcrumbList","@id":"https:\/\/alpha-hosts.com\/refund_returns\/#breadcrumb","itemListElement":[{"@type":"ListItem","position":1,"name":"Home","item":"https:\/\/alpha-hosts.com\/"},{"@type":"ListItem","position":2,"name":"Refund Policy"}]},{"@type":"WebSite","@id":"https:\/\/alpha-hosts.com\/#website","url":"https:\/\/alpha-hosts.com\/","name":"Alpha Hosts","description":"","potentialAction":[{"@type":"SearchAction","target":{"@type":"EntryPoint","urlTemplate":"https:\/\/alpha-hosts.com\/?s={search_term_string}"},"query-input":{"@type":"PropertyValueSpecification","valueRequired":true,"valueName":"search_term_string"}}],"inLanguage":"de"}]}},"_links":{"self":[{"href":"https:\/\/alpha-hosts.com\/de\/wp-json\/wp\/v2\/pages\/155","targetHints":{"allow":["GET"]}}],"collection":[{"href":"https:\/\/alpha-hosts.com\/de\/wp-json\/wp\/v2\/pages"}],"about":[{"href":"https:\/\/alpha-hosts.com\/de\/wp-json\/wp\/v2\/types\/page"}],"author":[{"embeddable":true,"href":"https:\/\/alpha-hosts.com\/de\/wp-json\/wp\/v2\/users\/1"}],"replies":[{"embeddable":true,"href":"https:\/\/alpha-hosts.com\/de\/wp-json\/wp\/v2\/comments?post=155"}],"version-history":[{"count":5,"href":"https:\/\/alpha-hosts.com\/de\/wp-json\/wp\/v2\/pages\/155\/revisions"}],"predecessor-version":[{"id":1403,"href":"https:\/\/alpha-hosts.com\/de\/wp-json\/wp\/v2\/pages\/155\/revisions\/1403"}],"wp:featuredmedia":[{"embeddable":true,"href":"https:\/\/alpha-hosts.com\/de\/wp-json\/wp\/v2\/media\/377"}],"wp:attachment":[{"href":"https:\/\/alpha-hosts.com\/de\/wp-json\/wp\/v2\/media?parent=155"}],"curies":[{"name":"wp","href":"https:\/\/api.w.org\/{rel}","templated":true}]}}