{"id":162,"date":"2022-05-20T11:19:15","date_gmt":"2022-05-20T11:19:15","guid":{"rendered":"https:\/\/alpha-hosts.com\/?page_id=162"},"modified":"2025-05-08T13:28:14","modified_gmt":"2025-05-08T13:28:14","slug":"about-us","status":"publish","type":"page","link":"https:\/\/alpha-hosts.com\/de\/about-us\/","title":{"rendered":"\u00dcber uns"},"content":{"rendered":"<div data-elementor-type=\"wp-page\" data-elementor-id=\"162\" class=\"elementor elementor-162\" data-elementor-post-type=\"page\">\n\t\t\t\t\t\t<section class=\"elementor-section elementor-top-section elementor-element elementor-element-43e736a elementor-reverse-mobile elementor-section-boxed elementor-section-height-default elementor-section-height-default\" data-id=\"43e736a\" data-element_type=\"section\" data-settings=\"{&quot;background_background&quot;:&quot;classic&quot;}\">\n\t\t\t\t\t\t<div class=\"elementor-container elementor-column-gap-default\">\n\t\t\t\t\t<div class=\"elementor-column elementor-col-50 elementor-top-column elementor-element elementor-element-aac952b\" data-id=\"aac952b\" data-element_type=\"column\">\n\t\t\t<div class=\"elementor-widget-wrap elementor-element-populated\">\n\t\t\t\t\t\t<div class=\"elementor-element elementor-element-c8158b3 elementor-hidden-mobile elementor-widget elementor-widget-image\" data-id=\"c8158b3\" data-element_type=\"widget\" data-widget_type=\"image.default\">\n\t\t\t\t<div class=\"elementor-widget-container\">\n\t\t\t\t\t\t\t\t\t\t\t\t\t\t\t<img fetchpriority=\"high\" decoding=\"async\" width=\"557\" height=\"412\" src=\"https:\/\/alpha-hosts.com\/wp-content\/uploads\/2022\/05\/Group-80409.png\" class=\"attachment-large size-large wp-image-164\" alt=\"\" srcset=\"https:\/\/alpha-hosts.com\/wp-content\/uploads\/2022\/05\/Group-80409.png 557w, https:\/\/alpha-hosts.com\/wp-content\/uploads\/2022\/05\/Group-80409-300x222.png 300w\" sizes=\"(max-width: 557px) 100vw, 557px\" \/>\t\t\t\t\t\t\t\t\t\t\t\t\t\t\t<\/div>\n\t\t\t\t<\/div>\n\t\t\t\t\t<\/div>\n\t\t<\/div>\n\t\t\t\t<div class=\"elementor-column elementor-col-50 elementor-top-column elementor-element elementor-element-132a9ff\" data-id=\"132a9ff\" data-element_type=\"column\">\n\t\t\t<div class=\"elementor-widget-wrap elementor-element-populated\">\n\t\t\t\t\t\t<div class=\"elementor-element elementor-element-6e59bee elementor-widget elementor-widget-heading\" data-id=\"6e59bee\" data-element_type=\"widget\" data-widget_type=\"heading.default\">\n\t\t\t\t<div class=\"elementor-widget-container\">\n\t\t\t\t\t<h1 class=\"elementor-heading-title elementor-size-default\">Wer ist das Alpha Hosts Team<\/h1>\t\t\t\t<\/div>\n\t\t\t\t<\/div>\n\t\t\t\t<div class=\"elementor-element elementor-element-54a2b27 elementor-widget elementor-widget-heading\" data-id=\"54a2b27\" data-element_type=\"widget\" data-widget_type=\"heading.default\">\n\t\t\t\t<div class=\"elementor-widget-container\">\n\t\t\t\t\t<h2 class=\"elementor-heading-title elementor-size-default\">Echte Profis wachen \u00fcber die Funktionsf\u00e4higkeit und den Stil Ihrer Website!<\/h2>\t\t\t\t<\/div>\n\t\t\t\t<\/div>\n\t\t\t\t\t<\/div>\n\t\t<\/div>\n\t\t\t\t\t<\/div>\n\t\t<\/section>\n\t\t\t\t<section class=\"elementor-section elementor-top-section elementor-element elementor-element-2364c99 elementor-section-boxed elementor-section-height-default elementor-section-height-default\" data-id=\"2364c99\" data-element_type=\"section\">\n\t\t\t\t\t\t<div class=\"elementor-container elementor-column-gap-default\">\n\t\t\t\t\t<div class=\"elementor-column elementor-col-50 elementor-top-column elementor-element elementor-element-5478eb8\" data-id=\"5478eb8\" data-element_type=\"column\">\n\t\t\t<div class=\"elementor-widget-wrap elementor-element-populated\">\n\t\t\t\t\t\t<div class=\"elementor-element elementor-element-c3ec44e elementor-widget elementor-widget-image\" data-id=\"c3ec44e\" data-element_type=\"widget\" data-widget_type=\"image.default\">\n\t\t\t\t<div class=\"elementor-widget-container\">\n\t\t\t\t\t\t\t\t\t\t\t\t\t\t\t<img decoding=\"async\" width=\"235\" height=\"235\" src=\"https:\/\/alpha-hosts.com\/wp-content\/uploads\/2022\/05\/Group-80410.png\" class=\"attachment-large size-large wp-image-167\" alt=\"\" srcset=\"https:\/\/alpha-hosts.com\/wp-content\/uploads\/2022\/05\/Group-80410.png 235w, https:\/\/alpha-hosts.com\/wp-content\/uploads\/2022\/05\/Group-80410-100x100.png 100w, https:\/\/alpha-hosts.com\/wp-content\/uploads\/2022\/05\/Group-80410-150x150.png 150w\" sizes=\"(max-width: 235px) 100vw, 235px\" \/>\t\t\t\t\t\t\t\t\t\t\t\t\t\t\t<\/div>\n\t\t\t\t<\/div>\n\t\t\t\t\t<\/div>\n\t\t<\/div>\n\t\t\t\t<div class=\"elementor-column elementor-col-50 elementor-top-column elementor-element elementor-element-1b8d20d\" data-id=\"1b8d20d\" data-element_type=\"column\">\n\t\t\t<div class=\"elementor-widget-wrap elementor-element-populated\">\n\t\t\t\t\t\t<div class=\"elementor-element elementor-element-9424436 elementor-widget elementor-widget-heading\" data-id=\"9424436\" data-element_type=\"widget\" data-widget_type=\"heading.default\">\n\t\t\t\t<div class=\"elementor-widget-container\">\n\t\t\t\t\t<p class=\"elementor-heading-title elementor-size-default\">Unser Unternehmen wurde gegr\u00fcndet, um allen Gesch\u00e4ftsinhabern das Leben zu erleichtern, die die M\u00f6glichkeiten der digitalen Welt f\u00fcr ihren Erfolg nutzen wollen. Wir sind immer wieder auf Probleme gesto\u00dfen, die von Website-Besitzern verursacht werden, die unzuverl\u00e4ssiges oder kostenloses Hosting nutzen. Wir haben festgestellt, wie wichtig das Design einer Website f\u00fcr ihre Beliebtheit bei den Besuchern ist. All dies, multipliziert mit unseren F\u00e4higkeiten und Erfahrungen im Bereich Webhosting und Webdesign, war die Grundlage f\u00fcr die Gr\u00fcndung von Alpha Hosts.\nWir sind nicht neu auf dem Markt der Informationstechnologie. Jedes Mitglied des Teams von Alpha Hosts hat einen guten Ruf in der IT-Branche. Wir werden auch von dem Wunsch angetrieben, Dienstleistungen zu erbringen, die von den Kunden nachgefragt werden und relevant sind.\n<br><br>\nSie k\u00f6nnen das Ergebnis selbst beurteilen, wenn Sie sich f\u00fcr unsere Dienste bewerben.\n<br>\nMit freundlichen Gr\u00fc\u00dfen, Alpha Hosts Team!<\/p>\t\t\t\t<\/div>\n\t\t\t\t<\/div>\n\t\t\t\t\t<\/div>\n\t\t<\/div>\n\t\t\t\t\t<\/div>\n\t\t<\/section>\n\t\t\t\t<section class=\"elementor-section elementor-top-section elementor-element elementor-element-bf92f7e elementor-section-boxed elementor-section-height-default elementor-section-height-default\" data-id=\"bf92f7e\" data-element_type=\"section\">\n\t\t\t\t\t\t<div class=\"elementor-container elementor-column-gap-default\">\n\t\t\t\t\t<div class=\"elementor-column elementor-col-100 elementor-top-column elementor-element elementor-element-8317fa5\" data-id=\"8317fa5\" data-element_type=\"column\">\n\t\t\t<div class=\"elementor-widget-wrap elementor-element-populated\">\n\t\t\t\t\t\t<div class=\"elementor-element elementor-element-1d7321f elementor-widget elementor-widget-heading\" data-id=\"1d7321f\" data-element_type=\"widget\" data-widget_type=\"heading.default\">\n\t\t\t\t<div class=\"elementor-widget-container\">\n\t\t\t\t\t<h2 class=\"elementor-heading-title elementor-size-default\">Was unterscheidet uns von anderen?<\/h2>\t\t\t\t<\/div>\n\t\t\t\t<\/div>\n\t\t\t\t<section class=\"elementor-section elementor-inner-section elementor-element elementor-element-17f9987 elementor-section-boxed elementor-section-height-default elementor-section-height-default\" data-id=\"17f9987\" data-element_type=\"section\">\n\t\t\t\t\t\t<div class=\"elementor-container elementor-column-gap-default\">\n\t\t\t\t\t<div class=\"elementor-column elementor-col-100 elementor-inner-column elementor-element elementor-element-c7156ac\" data-id=\"c7156ac\" data-element_type=\"column\">\n\t\t\t<div class=\"elementor-widget-wrap elementor-element-populated\">\n\t\t\t\t\t\t<div class=\"elementor-element elementor-element-f269bc3 elementor-widget__width-initial elementor-widget-mobile__width-inherit elementor-widget elementor-widget-heading\" data-id=\"f269bc3\" data-element_type=\"widget\" data-widget_type=\"heading.default\">\n\t\t\t\t<div class=\"elementor-widget-container\">\n\t\t\t\t\t<h2 class=\"elementor-heading-title elementor-size-default\">Verantwortungsvolle Leistungserbringung<\/h2>\t\t\t\t<\/div>\n\t\t\t\t<\/div>\n\t\t\t\t<div class=\"elementor-element elementor-element-4436fdd elementor-widget__width-initial elementor-widget-mobile__width-inherit elementor-widget elementor-widget-heading\" data-id=\"4436fdd\" data-element_type=\"widget\" data-widget_type=\"heading.default\">\n\t\t\t\t<div class=\"elementor-widget-container\">\n\t\t\t\t\t<h2 class=\"elementor-heading-title elementor-size-default\">Flexibilit\u00e4t der L\u00f6sungen<\/h2>\t\t\t\t<\/div>\n\t\t\t\t<\/div>\n\t\t\t\t<div class=\"elementor-element elementor-element-4a4d6ec elementor-widget__width-initial elementor-widget-mobile__width-inherit elementor-widget elementor-widget-heading\" data-id=\"4a4d6ec\" data-element_type=\"widget\" data-widget_type=\"heading.default\">\n\t\t\t\t<div class=\"elementor-widget-container\">\n\t\t\t\t\t<h2 class=\"elementor-heading-title elementor-size-default\">Zuverl\u00e4ssigkeit der Ausr\u00fcstung<\/h2>\t\t\t\t<\/div>\n\t\t\t\t<\/div>\n\t\t\t\t\t<\/div>\n\t\t<\/div>\n\t\t\t\t\t<\/div>\n\t\t<\/section>\n\t\t\t\t<div class=\"elementor-element elementor-element-498c4ad elementor-widget__width-initial elementor-widget-mobile__width-inherit elementor-widget elementor-widget-heading\" data-id=\"498c4ad\" data-element_type=\"widget\" data-widget_type=\"heading.default\">\n\t\t\t\t<div class=\"elementor-widget-container\">\n\t\t\t\t\t<h2 class=\"elementor-heading-title elementor-size-default\">Modern kreativ<\/h2>\t\t\t\t<\/div>\n\t\t\t\t<\/div>\n\t\t\t\t<div class=\"elementor-element elementor-element-8b606ac elementor-widget__width-initial elementor-widget-mobile__width-inherit elementor-widget elementor-widget-heading\" data-id=\"8b606ac\" data-element_type=\"widget\" data-widget_type=\"heading.default\">\n\t\t\t\t<div class=\"elementor-widget-container\">\n\t\t\t\t\t<h2 class=\"elementor-heading-title elementor-size-default\">Eine breite Palette von Dienstleistungen f\u00fcr jeden Kunden<\/h2>\t\t\t\t<\/div>\n\t\t\t\t<\/div>\n\t\t\t\t\t<\/div>\n\t\t<\/div>\n\t\t\t\t\t<\/div>\n\t\t<\/section>\n\t\t\t\t<section class=\"elementor-section elementor-top-section elementor-element elementor-element-eaf3a86 elementor-section-boxed elementor-section-height-default elementor-section-height-default\" data-id=\"eaf3a86\" data-element_type=\"section\" data-settings=\"{&quot;background_background&quot;:&quot;classic&quot;}\">\n\t\t\t\t\t\t<div class=\"elementor-container elementor-column-gap-default\">\n\t\t\t\t\t<div class=\"elementor-column elementor-col-100 elementor-top-column elementor-element elementor-element-b5401c6\" data-id=\"b5401c6\" data-element_type=\"column\">\n\t\t\t<div class=\"elementor-widget-wrap elementor-element-populated\">\n\t\t\t\t\t\t<div class=\"elementor-element elementor-element-58b34fc elementor-widget__width-initial elementor-absolute elementor-widget elementor-widget-image\" data-id=\"58b34fc\" data-element_type=\"widget\" data-settings=\"{&quot;_position&quot;:&quot;absolute&quot;}\" data-widget_type=\"image.default\">\n\t\t\t\t<div class=\"elementor-widget-container\">\n\t\t\t\t\t\t\t\t\t\t\t\t\t\t\t<img decoding=\"async\" width=\"355\" height=\"253\" src=\"https:\/\/alpha-hosts.com\/wp-content\/uploads\/2022\/05\/Mask-group-19.png\" class=\"attachment-large size-large wp-image-191\" alt=\"\" srcset=\"https:\/\/alpha-hosts.com\/wp-content\/uploads\/2022\/05\/Mask-group-19.png 355w, https:\/\/alpha-hosts.com\/wp-content\/uploads\/2022\/05\/Mask-group-19-300x214.png 300w\" sizes=\"(max-width: 355px) 100vw, 355px\" \/>\t\t\t\t\t\t\t\t\t\t\t\t\t\t\t<\/div>\n\t\t\t\t<\/div>\n\t\t\t\t<div class=\"elementor-element elementor-element-c9bbd89 elementor-widget elementor-widget-heading\" data-id=\"c9bbd89\" data-element_type=\"widget\" data-widget_type=\"heading.default\">\n\t\t\t\t<div class=\"elementor-widget-container\">\n\t\t\t\t\t<h2 class=\"elementor-heading-title elementor-size-default\">Vorteile, die Sie erhalten k\u00f6nnen von <br>Alpha-Hosts<\/h2>\t\t\t\t<\/div>\n\t\t\t\t<\/div>\n\t\t\t\t<div class=\"elementor-element elementor-element-18fecf7 lists elementor-icon-list--layout-traditional elementor-list-item-link-full_width elementor-widget elementor-widget-icon-list\" data-id=\"18fecf7\" data-element_type=\"widget\" data-widget_type=\"icon-list.default\">\n\t\t\t\t<div class=\"elementor-widget-container\">\n\t\t\t\t\t\t\t<ul class=\"elementor-icon-list-items\">\n\t\t\t\t\t\t\t<li class=\"elementor-icon-list-item\">\n\t\t\t\t\t\t\t\t\t\t\t<span class=\"elementor-icon-list-icon\">\n\t\t\t\t\t\t\t<svg xmlns=\"http:\/\/www.w3.org\/2000\/svg\" width=\"16\" height=\"16\" viewbox=\"0 0 16 16\" fill=\"none\"><circle cx=\"8\" cy=\"8\" r=\"8\" fill=\"#EDE1DC\"><\/circle><circle cx=\"8\" cy=\"8\" r=\"4\" fill=\"#FF8541\"><\/circle><\/svg>\t\t\t\t\t\t<\/span>\n\t\t\t\t\t\t\t\t\t\t<span class=\"elementor-icon-list-text\">Individueller Ansatz f\u00fcr Ihr Projekt. Wir bieten nur ma\u00dfgeschneiderte L\u00f6sungen, die zu maximaler Effizienz f\u00fchren. <\/span>\n\t\t\t\t\t\t\t\t\t<\/li>\n\t\t\t\t\t\t\t\t<li class=\"elementor-icon-list-item\">\n\t\t\t\t\t\t\t\t\t\t\t<span class=\"elementor-icon-list-icon\">\n\t\t\t\t\t\t\t<svg xmlns=\"http:\/\/www.w3.org\/2000\/svg\" width=\"16\" height=\"16\" viewbox=\"0 0 16 16\" fill=\"none\"><circle cx=\"8\" cy=\"8\" r=\"8\" fill=\"#EDE1DC\"><\/circle><circle cx=\"8\" cy=\"8\" r=\"4\" fill=\"#FF8541\"><\/circle><\/svg>\t\t\t\t\t\t<\/span>\n\t\t\t\t\t\t\t\t\t\t<span class=\"elementor-icon-list-text\">Dienstleistungen, die 100% Ergebnisse garantieren. Unsere Aufgabe ist es, Ihre Website zu einer effektiven Einnahmequelle zu machen und ihren reibungslosen Betrieb zu gew\u00e4hrleisten <\/span>\n\t\t\t\t\t\t\t\t\t<\/li>\n\t\t\t\t\t\t\t\t<li class=\"elementor-icon-list-item\">\n\t\t\t\t\t\t\t\t\t\t\t<span class=\"elementor-icon-list-icon\">\n\t\t\t\t\t\t\t<svg xmlns=\"http:\/\/www.w3.org\/2000\/svg\" width=\"16\" height=\"16\" viewbox=\"0 0 16 16\" fill=\"none\"><circle cx=\"8\" cy=\"8\" r=\"8\" fill=\"#EDE1DC\"><\/circle><circle cx=\"8\" cy=\"8\" r=\"4\" fill=\"#FF8541\"><\/circle><\/svg>\t\t\t\t\t\t<\/span>\n\t\t\t\t\t\t\t\t\t\t<span class=\"elementor-icon-list-text\">Verf\u00fcgbarkeit von Dienstleistungen f\u00fcr jeden Kunden. Wir bieten unsere Dienstleistungen zu erschwinglichen Preisen an.<\/span>\n\t\t\t\t\t\t\t\t\t<\/li>\n\t\t\t\t\t\t<\/ul>\n\t\t\t\t\t\t<\/div>\n\t\t\t\t<\/div>\n\t\t\t\t<div class=\"elementor-element elementor-element-32d17c2 elementor-align-left btn elementor-widget__width-initial elementor-widget-mobile__width-inherit elementor-widget elementor-widget-button\" data-id=\"32d17c2\" data-element_type=\"widget\" data-widget_type=\"button.default\">\n\t\t\t\t<div class=\"elementor-widget-container\">\n\t\t\t\t\t\t\t\t\t<div class=\"elementor-button-wrapper\">\n\t\t\t\t\t<a class=\"elementor-button elementor-button-link elementor-size-sm\" href=\"https:\/\/alpha-hosts.com\/de\/hosting-services\/\">\n\t\t\t\t\t\t<span class=\"elementor-button-content-wrapper\">\n\t\t\t\t\t\t<span class=\"elementor-button-icon\">\n\t\t\t\t<svg xmlns=\"http:\/\/www.w3.org\/2000\/svg\" width=\"30\" height=\"30\" viewbox=\"0 0 30 30\" fill=\"none\"><circle cx=\"15\" cy=\"15\" r=\"15\" fill=\"#FF8541\"><\/circle><path d=\"M9 14.25C8.58579 14.25 8.25 14.5858 8.25 15C8.25 15.4142 8.58579 15.75 9 15.75L9 14.25ZM21.5303 15.5303C21.8232 15.2374 21.8232 14.7626 21.5303 14.4697L16.7574 9.6967C16.4645 9.40381 15.9896 9.40381 15.6967 9.6967C15.4038 9.98959 15.4038 10.4645 15.6967 10.7574L19.9393 15L15.6967 19.2426C15.4038 19.5355 15.4038 20.0104 15.6967 20.3033C15.9896 20.5962 16.4645 20.5962 16.7574 20.3033L21.5303 15.5303ZM9 15.75L21 15.75L21 14.25L9 14.25L9 15.75Z\" fill=\"white\"><\/path><\/svg>\t\t\t<\/span>\n\t\t\t\t\t\t\t\t\t<span class=\"elementor-button-text\">Beantragung von Webhosting-Diensten <\/span>\n\t\t\t\t\t<\/span>\n\t\t\t\t\t<\/a>\n\t\t\t\t<\/div>\n\t\t\t\t\t\t\t\t<\/div>\n\t\t\t\t<\/div>\n\t\t\t\t<div class=\"elementor-element elementor-element-783d0cc elementor-align-left btn elementor-widget__width-initial elementor-widget-mobile__width-inherit elementor-widget elementor-widget-button\" data-id=\"783d0cc\" data-element_type=\"widget\" data-widget_type=\"button.default\">\n\t\t\t\t<div class=\"elementor-widget-container\">\n\t\t\t\t\t\t\t\t\t<div class=\"elementor-button-wrapper\">\n\t\t\t\t\t<a class=\"elementor-button elementor-button-link elementor-size-sm\" href=\"https:\/\/alpha-hosts.com\/de\/web-development\/\">\n\t\t\t\t\t\t<span class=\"elementor-button-content-wrapper\">\n\t\t\t\t\t\t<span class=\"elementor-button-icon\">\n\t\t\t\t<svg xmlns=\"http:\/\/www.w3.org\/2000\/svg\" width=\"30\" height=\"30\" viewbox=\"0 0 30 30\" fill=\"none\"><circle cx=\"15\" cy=\"15\" r=\"15\" fill=\"#FF8541\"><\/circle><path d=\"M9 14.25C8.58579 14.25 8.25 14.5858 8.25 15C8.25 15.4142 8.58579 15.75 9 15.75L9 14.25ZM21.5303 15.5303C21.8232 15.2374 21.8232 14.7626 21.5303 14.4697L16.7574 9.6967C16.4645 9.40381 15.9896 9.40381 15.6967 9.6967C15.4038 9.98959 15.4038 10.4645 15.6967 10.7574L19.9393 15L15.6967 19.2426C15.4038 19.5355 15.4038 20.0104 15.6967 20.3033C15.9896 20.5962 16.4645 20.5962 16.7574 20.3033L21.5303 15.5303ZM9 15.75L21 15.75L21 14.25L9 14.25L9 15.75Z\" fill=\"white\"><\/path><\/svg>\t\t\t<\/span>\n\t\t\t\t\t\t\t\t\t<span class=\"elementor-button-text\">Bewerben Sie sich f\u00fcr Web-Design und Web-Entwicklung<\/span>\n\t\t\t\t\t<\/span>\n\t\t\t\t\t<\/a>\n\t\t\t\t<\/div>\n\t\t\t\t\t\t\t\t<\/div>\n\t\t\t\t<\/div>\n\t\t\t\t\t<\/div>\n\t\t<\/div>\n\t\t\t\t\t<\/div>\n\t\t<\/section>\n\t\t\t\t<\/div>","protected":false},"excerpt":{"rendered":"<p>Wer ist das Alpha Hosts Team Echte Profis k\u00fcmmern sich um die Funktionsf\u00e4higkeit und den Stil Ihrer Website! Unser Unternehmen wurde gegr\u00fcndet, um allen Gesch\u00e4ftsinhabern das Leben zu erleichtern, die die M\u00f6glichkeiten der Digitalisierung nutzen wollen, um zu florieren. Wir sind immer wieder auf Probleme gesto\u00dfen, die von Website-Besitzern verursacht werden, die unzuverl\u00e4ssiges oder kostenloses Hosting nutzen. [...]<\/p>","protected":false},"author":1,"featured_media":377,"parent":0,"menu_order":0,"comment_status":"closed","ping_status":"closed","template":"elementor_header_footer","meta":{"_acf_changed":false,"inline_featured_image":false,"_monsterinsights_skip_tracking":false,"_monsterinsights_sitenote_active":false,"_monsterinsights_sitenote_note":"","_monsterinsights_sitenote_category":0,"footnotes":""},"class_list":["post-162","page","type-page","status-publish","has-post-thumbnail","hentry"],"acf":[],"yoast_head":"<!-- This site is optimized with the Yoast SEO plugin v25.0 - https:\/\/yoast.com\/wordpress\/plugins\/seo\/ -->\n<title>Alpha Hosts is your reliable website hosting, design &amp; development partner<\/title>\n<meta name=\"description\" content=\"Choosing a reliable contractor is a must for any business. Let\u2019s get acquainted with Alpha Hosts! All the information about our company is in one place.\" \/>\n<meta name=\"robots\" content=\"index, follow, max-snippet:-1, max-image-preview:large, max-video-preview:-1\" \/>\n<link rel=\"canonical\" href=\"https:\/\/alpha-hosts.com\/de\/about-us\/\" \/>\n<meta property=\"og:locale\" content=\"de_DE\" \/>\n<meta property=\"og:type\" content=\"article\" \/>\n<meta property=\"og:title\" content=\"Alpha Hosts is your reliable website hosting, design &amp; development partner\" \/>\n<meta property=\"og:description\" content=\"Choosing a reliable contractor is a must for any business. Let\u2019s get acquainted with Alpha Hosts! All the information about our company is in one place.\" \/>\n<meta property=\"og:url\" content=\"https:\/\/alpha-hosts.com\/de\/about-us\/\" \/>\n<meta property=\"og:site_name\" content=\"Alpha Hosts\" \/>\n<meta property=\"article:modified_time\" content=\"2025-05-08T13:28:14+00:00\" \/>\n<meta property=\"og:image\" content=\"https:\/\/alpha-hosts.com\/wp-content\/uploads\/2022\/05\/1024-\u00d7-514-6.png\" \/>\n\t<meta property=\"og:image:width\" content=\"1024\" \/>\n\t<meta property=\"og:image:height\" content=\"512\" \/>\n\t<meta property=\"og:image:type\" content=\"image\/png\" \/>\n<meta name=\"twitter:card\" content=\"summary_large_image\" \/>\n<meta name=\"twitter:title\" content=\"Alpha Hosts is your reliable website hosting, design &amp; development partner\" \/>\n<meta name=\"twitter:description\" content=\"Choosing a reliable contractor is a must for any business. Let\u2019s get acquainted with Alpha Hosts! All the information about our company is in one place.\" \/>\n<meta name=\"twitter:image\" content=\"https:\/\/alpha-hosts.com\/wp-content\/uploads\/2022\/05\/1024-\u00d7-514-6.png\" \/>\n<meta name=\"twitter:label1\" content=\"Gesch\u00e4tzte Lesezeit\" \/>\n\t<meta name=\"twitter:data1\" content=\"2\u00a0Minuten\" \/>\n<script type=\"application\/ld+json\" class=\"yoast-schema-graph\">{\"@context\":\"https:\/\/schema.org\",\"@graph\":[{\"@type\":\"WebPage\",\"@id\":\"https:\/\/alpha-hosts.com\/about-us\/\",\"url\":\"https:\/\/alpha-hosts.com\/about-us\/\",\"name\":\"Alpha Hosts is your reliable website hosting, design & development partner\",\"isPartOf\":{\"@id\":\"https:\/\/alpha-hosts.com\/#website\"},\"primaryImageOfPage\":{\"@id\":\"https:\/\/alpha-hosts.com\/about-us\/#primaryimage\"},\"image\":{\"@id\":\"https:\/\/alpha-hosts.com\/about-us\/#primaryimage\"},\"thumbnailUrl\":\"https:\/\/alpha-hosts.com\/wp-content\/uploads\/2022\/05\/Frame-7.png\",\"datePublished\":\"2022-05-20T11:19:15+00:00\",\"dateModified\":\"2025-05-08T13:28:14+00:00\",\"description\":\"Choosing a reliable contractor is a must for any business. Let\u2019s get acquainted with Alpha Hosts! All the information about our company is in one place.\",\"breadcrumb\":{\"@id\":\"https:\/\/alpha-hosts.com\/about-us\/#breadcrumb\"},\"inLanguage\":\"de\",\"potentialAction\":[{\"@type\":\"ReadAction\",\"target\":[\"https:\/\/alpha-hosts.com\/about-us\/\"]}]},{\"@type\":\"ImageObject\",\"inLanguage\":\"de\",\"@id\":\"https:\/\/alpha-hosts.com\/about-us\/#primaryimage\",\"url\":\"https:\/\/alpha-hosts.com\/wp-content\/uploads\/2022\/05\/Frame-7.png\",\"contentUrl\":\"https:\/\/alpha-hosts.com\/wp-content\/uploads\/2022\/05\/Frame-7.png\",\"width\":1080,\"height\":1080},{\"@type\":\"BreadcrumbList\",\"@id\":\"https:\/\/alpha-hosts.com\/about-us\/#breadcrumb\",\"itemListElement\":[{\"@type\":\"ListItem\",\"position\":1,\"name\":\"Home\",\"item\":\"https:\/\/alpha-hosts.com\/\"},{\"@type\":\"ListItem\",\"position\":2,\"name\":\"About us\"}]},{\"@type\":\"WebSite\",\"@id\":\"https:\/\/alpha-hosts.com\/#website\",\"url\":\"https:\/\/alpha-hosts.com\/\",\"name\":\"Alpha Hosts\",\"description\":\"\",\"potentialAction\":[{\"@type\":\"SearchAction\",\"target\":{\"@type\":\"EntryPoint\",\"urlTemplate\":\"https:\/\/alpha-hosts.com\/?s={search_term_string}\"},\"query-input\":{\"@type\":\"PropertyValueSpecification\",\"valueRequired\":true,\"valueName\":\"search_term_string\"}}],\"inLanguage\":\"de\"}]}<\/script>\n<!-- \/ Yoast SEO plugin. -->","yoast_head_json":{"title":"Alpha Hosts is your reliable website hosting, design & development partner","description":"Choosing a reliable contractor is a must for any business. Let\u2019s get acquainted with Alpha Hosts! All the information about our company is in one place.","robots":{"index":"index","follow":"follow","max-snippet":"max-snippet:-1","max-image-preview":"max-image-preview:large","max-video-preview":"max-video-preview:-1"},"canonical":"https:\/\/alpha-hosts.com\/de\/about-us\/","og_locale":"de_DE","og_type":"article","og_title":"Alpha Hosts is your reliable website hosting, design & development partner","og_description":"Choosing a reliable contractor is a must for any business. Let\u2019s get acquainted with Alpha Hosts! All the information about our company is in one place.","og_url":"https:\/\/alpha-hosts.com\/de\/about-us\/","og_site_name":"Alpha Hosts","article_modified_time":"2025-05-08T13:28:14+00:00","og_image":[{"width":1024,"height":512,"url":"https:\/\/alpha-hosts.com\/wp-content\/uploads\/2022\/05\/1024-\u00d7-514-6.png","type":"image\/png"}],"twitter_card":"summary_large_image","twitter_title":"Alpha Hosts is your reliable website hosting, design & development partner","twitter_description":"Choosing a reliable contractor is a must for any business. Let\u2019s get acquainted with Alpha Hosts! All the information about our company is in one place.","twitter_image":"https:\/\/alpha-hosts.com\/wp-content\/uploads\/2022\/05\/1024-\u00d7-514-6.png","twitter_misc":{"Gesch\u00e4tzte Lesezeit":"2\u00a0Minuten"},"schema":{"@context":"https:\/\/schema.org","@graph":[{"@type":"WebPage","@id":"https:\/\/alpha-hosts.com\/about-us\/","url":"https:\/\/alpha-hosts.com\/about-us\/","name":"Alpha Hosts is your reliable website hosting, design & development partner","isPartOf":{"@id":"https:\/\/alpha-hosts.com\/#website"},"primaryImageOfPage":{"@id":"https:\/\/alpha-hosts.com\/about-us\/#primaryimage"},"image":{"@id":"https:\/\/alpha-hosts.com\/about-us\/#primaryimage"},"thumbnailUrl":"https:\/\/alpha-hosts.com\/wp-content\/uploads\/2022\/05\/Frame-7.png","datePublished":"2022-05-20T11:19:15+00:00","dateModified":"2025-05-08T13:28:14+00:00","description":"Choosing a reliable contractor is a must for any business. Let\u2019s get acquainted with Alpha Hosts! All the information about our company is in one place.","breadcrumb":{"@id":"https:\/\/alpha-hosts.com\/about-us\/#breadcrumb"},"inLanguage":"de","potentialAction":[{"@type":"ReadAction","target":["https:\/\/alpha-hosts.com\/about-us\/"]}]},{"@type":"ImageObject","inLanguage":"de","@id":"https:\/\/alpha-hosts.com\/about-us\/#primaryimage","url":"https:\/\/alpha-hosts.com\/wp-content\/uploads\/2022\/05\/Frame-7.png","contentUrl":"https:\/\/alpha-hosts.com\/wp-content\/uploads\/2022\/05\/Frame-7.png","width":1080,"height":1080},{"@type":"BreadcrumbList","@id":"https:\/\/alpha-hosts.com\/about-us\/#breadcrumb","itemListElement":[{"@type":"ListItem","position":1,"name":"Home","item":"https:\/\/alpha-hosts.com\/"},{"@type":"ListItem","position":2,"name":"About us"}]},{"@type":"WebSite","@id":"https:\/\/alpha-hosts.com\/#website","url":"https:\/\/alpha-hosts.com\/","name":"Alpha Hosts","description":"","potentialAction":[{"@type":"SearchAction","target":{"@type":"EntryPoint","urlTemplate":"https:\/\/alpha-hosts.com\/?s={search_term_string}"},"query-input":{"@type":"PropertyValueSpecification","valueRequired":true,"valueName":"search_term_string"}}],"inLanguage":"de"}]}},"_links":{"self":[{"href":"https:\/\/alpha-hosts.com\/de\/wp-json\/wp\/v2\/pages\/162","targetHints":{"allow":["GET"]}}],"collection":[{"href":"https:\/\/alpha-hosts.com\/de\/wp-json\/wp\/v2\/pages"}],"about":[{"href":"https:\/\/alpha-hosts.com\/de\/wp-json\/wp\/v2\/types\/page"}],"author":[{"embeddable":true,"href":"https:\/\/alpha-hosts.com\/de\/wp-json\/wp\/v2\/users\/1"}],"replies":[{"embeddable":true,"href":"https:\/\/alpha-hosts.com\/de\/wp-json\/wp\/v2\/comments?post=162"}],"version-history":[{"count":54,"href":"https:\/\/alpha-hosts.com\/de\/wp-json\/wp\/v2\/pages\/162\/revisions"}],"predecessor-version":[{"id":1246,"href":"https:\/\/alpha-hosts.com\/de\/wp-json\/wp\/v2\/pages\/162\/revisions\/1246"}],"wp:featuredmedia":[{"embeddable":true,"href":"https:\/\/alpha-hosts.com\/de\/wp-json\/wp\/v2\/media\/377"}],"wp:attachment":[{"href":"https:\/\/alpha-hosts.com\/de\/wp-json\/wp\/v2\/media?parent=162"}],"curies":[{"name":"wp","href":"https:\/\/api.w.org\/{rel}","templated":true}]}}