{"id":650,"date":"2025-05-01T07:53:00","date_gmt":"2025-05-01T07:53:00","guid":{"rendered":"https:\/\/alpha-hosts.com\/?page_id=650"},"modified":"2025-11-21T09:18:13","modified_gmt":"2025-11-21T09:18:13","slug":"cookie-policy","status":"publish","type":"page","link":"https:\/\/alpha-hosts.com\/de\/cookie-policy\/","title":{"rendered":"Cookie-Richtlinie"},"content":{"rendered":"<h2 class=\"wp-block-heading\"><strong>\u00dcbersicht<\/strong><\/h2>\n\n\n\n<p>In dieser Cookie-Richtlinie wird erl\u00e4utert, wie Icologix Ltd., eingetragen in 2 Frederick Street, Kings Cross, London, Vereinigtes K\u00f6nigreich, WC1X 0ND, mit der Registrierungsnummer 16003118, Cookies und \u00e4hnliche Technologien verwendet, um Ihre Erfahrungen auf unserer Website zu verbessern. Durch die weitere Nutzung unserer Website erkl\u00e4ren Sie sich mit der Verwendung von Cookies, wie in dieser Richtlinie beschrieben, einverstanden. Wir empfehlen Ihnen, diese Richtlinie gr\u00fcndlich zu lesen, um zu verstehen, wie wir Cookies verwalten, sammeln und nutzen.<\/p>\n\n\n\n<h2 class=\"wp-block-heading\"><strong>Was sind Cookies?<\/strong><\/h2>\n\n\n\n<p>Cookies sind kleine Textdateien, die auf Ihrem Ger\u00e4t gespeichert werden, wenn Sie eine Website besuchen. Diese Dateien sammeln und speichern Daten \u00fcber Ihre Interaktionen mit der Website, z. B. Pr\u00e4ferenzen, Anmeldedaten oder Browsing-Aktivit\u00e4ten. Cookies sind unerl\u00e4sslich, um sicherzustellen, dass Websites reibungslos funktionieren und ein personalisiertes Erlebnis bieten.<\/p>\n\n\n\n<p>Cookies dienen verschiedenen Zwecken, wie zum Beispiel:<\/p>\n\n\n\n<ul class=\"wp-block-list\">\n<li>Verbesserung der Benutzerfreundlichkeit der Website.<\/li>\n\n\n\n<li>Analyse der Leistung der Website.<\/li>\n\n\n\n<li>Bereitstellung von gezielten und relevanten Werbeinhalten.<\/li>\n<\/ul>\n\n\n\n<p>Cookies werden nach ihrem Zweck, ihrer Dauer und ihrer Herkunft kategorisiert.<\/p>\n\n\n\n<h2 class=\"wp-block-heading\"><strong>Arten von Cookies, die von Alpha Hosts verwendet werden<\/strong><\/h2>\n\n\n\n<p>Wir verwenden verschiedene Arten von Cookies, um die Funktionalit\u00e4t und das Nutzererlebnis auf unserer Website zu optimieren:<\/p>\n\n\n\n<h3 class=\"wp-block-heading\"><strong>Unverzichtbare Cookies<\/strong><\/h3>\n\n\n\n<p>Diese Cookies sind f\u00fcr den grundlegenden Betrieb unserer Website unerl\u00e4sslich. Sie erm\u00f6glichen Kernfunktionalit\u00e4ten wie:<\/p>\n\n\n\n<ul class=\"wp-block-list\">\n<li>Navigieren zwischen Seiten.<\/li>\n\n\n\n<li>Sicherung des Zugangs zu Sperrbereichen.<\/li>\n\n\n\n<li>Pflegen von Sitzungsinformationen.<\/li>\n<\/ul>\n\n\n\n<p>Bestimmte Funktionen der Website k\u00f6nnen ohne diese Cookies nicht richtig funktionieren, und Ihr Surferlebnis k\u00f6nnte erheblich beeintr\u00e4chtigt werden.<\/p>\n\n\n\n<h3 class=\"wp-block-heading\"><strong>Analytische\/Leistungs-Cookies<\/strong><\/h3>\n\n\n\n<p>Diese Cookies helfen uns zu verstehen, wie Besucher mit unserer Website interagieren. Sie sammeln aggregierte Daten, einschlie\u00dflich:<\/p>\n\n\n\n<ul class=\"wp-block-list\">\n<li>H\u00e4ufig besuchte Seiten.<\/li>\n\n\n\n<li>Navigationspfade.<\/li>\n\n\n\n<li>Fehler, die beim Browsen aufgetreten sind.<\/li>\n<\/ul>\n\n\n\n<p>Die aus diesen Cookies gewonnenen Erkenntnisse erm\u00f6glichen es uns, die Funktionalit\u00e4t unserer Website zu verbessern und so ein besseres Nutzererlebnis zu gew\u00e4hrleisten. Analytische Cookies speichern keine pers\u00f6nlichen Informationen.<\/p>\n\n\n\n<h3 class=\"wp-block-heading\"><strong>Funktionalit\u00e4t Cookies<\/strong><\/h3>\n\n\n\n<p>Funktions-Cookies erm\u00f6glichen es unserer Website, sich an Ihre Pr\u00e4ferenzen und fr\u00fcheren Interaktionen zu erinnern. Beispiele hierf\u00fcr sind:<\/p>\n\n\n\n<ul class=\"wp-block-list\">\n<li>Erinnern Sie sich an sprachliche oder regionale Vorlieben.<\/li>\n\n\n\n<li>Speichern der benutzerdefinierten Anzeigeeinstellungen.<\/li>\n<\/ul>\n\n\n\n<p>Indem sie sich an Ihre Entscheidungen erinnern, bieten diese Cookies ein ma\u00dfgeschneidertes und nahtloses Surferlebnis.<\/p>\n\n\n\n<h3 class=\"wp-block-heading\"><strong>Targeting\/Werbung Cookies<\/strong><\/h3>\n\n\n\n<p>Targeting-Cookies liefern Werbung, die auf Ihre Interessen und Surfgewohnheiten abgestimmt ist. Diese Cookies:<\/p>\n\n\n\n<ul class=\"wp-block-list\">\n<li>Verfolgen Sie Ihre Interaktionen \u00fcber mehrere Websites hinweg.<\/li>\n\n\n\n<li>Erlauben Sie uns, die Leistung von Werbekampagnen zu messen.<\/li>\n\n\n\n<li>So k\u00f6nnen Sie sicherstellen, dass die von Ihnen angezeigten Anzeigen Ihren Pr\u00e4ferenzen entsprechen.<\/li>\n<\/ul>\n\n\n\n<p>Diese Cookies erm\u00f6glichen es uns auch, unsere Marketingstrategien auf der Grundlage von Daten \u00fcber das Engagement der Nutzer zu optimieren.<\/p>\n\n\n\n<h2 class=\"wp-block-heading\"><strong>Wie wir Cookies verwenden<\/strong><\/h2>\n\n\n\n<p>Alpha Hosts verwendet Cookies f\u00fcr verschiedene Zwecke:<\/p>\n\n\n\n<h3 class=\"wp-block-heading\"><strong>Sicherstellung der Website-Funktionalit\u00e4t<\/strong><\/h3>\n\n\n\n<p>Cookies sind f\u00fcr den reibungslosen Betrieb unserer Website unerl\u00e4sslich. Sie:<\/p>\n\n\n\n<ol class=\"wp-block-list\">\n<li>Unterst\u00fctzung von Navigation und Funktionalit\u00e4t.<\/li>\n\n\n\n<li>Erleichterung von sicheren Transaktionen und sicherem Zugang.<\/li>\n<\/ol>\n\n\n\n<h3 class=\"wp-block-heading\"><strong>Verbesserung der Website-Leistung<\/strong><\/h3>\n\n\n\n<p>Mit analytischen Cookies \u00fcberwachen wir die Nutzung der Website, um Engp\u00e4sse zu erkennen und die Funktionalit\u00e4t zu verbessern. Die aus diesen Cookies gewonnenen Erkenntnisse erm\u00f6glichen es uns, die Website effizienter und benutzerfreundlicher zu gestalten.<\/p>\n\n\n\n<h3 class=\"wp-block-heading\"><strong>Personalisieren Sie Ihr Erlebnis<\/strong><\/h3>\n\n\n\n<p>Funktionalit\u00e4ts-Cookies helfen uns, ein ma\u00dfgeschneidertes Erlebnis zu bieten, indem sie sich erinnern:<\/p>\n\n\n\n<ol class=\"wp-block-list\">\n<li>Ihre Pr\u00e4ferenzen, z. B. Sprache oder regionale Einstellungen.<\/li>\n\n\n\n<li>Fr\u00fchere Interaktionen mit der Website, um relevante Inhalte anzubieten.<\/li>\n<\/ol>\n\n\n\n<h3 class=\"wp-block-heading\"><strong>Relevante Werbung ausliefern<\/strong><\/h3>\n\n\n\n<p>Zielgerichtete Cookies helfen uns, Werbung zu schalten, die Ihren Interessen entspricht. Sie erm\u00f6glichen es uns, die Wirksamkeit von Kampagnen zu verfolgen und sicherzustellen, dass die Werbung auf Ihre Bed\u00fcrfnisse und Vorlieben abgestimmt ist.<\/p>\n\n\n\n<h2 class=\"wp-block-heading\"><strong>Verwaltung von Cookies<\/strong><\/h2>\n\n\n\n<p>Sie haben die Kontrolle dar\u00fcber, wie Cookies auf Ihrem Ger\u00e4t gespeichert und verwendet werden. Die meisten Webbrowser erm\u00f6glichen Ihnen dies:<\/p>\n\n\n\n<ul class=\"wp-block-list\">\n<li>Cookies blockieren oder l\u00f6schen.<\/li>\n\n\n\n<li>Passen Sie die Datenschutzeinstellungen an.<\/li>\n\n\n\n<li>Aktivieren Sie Benachrichtigungen, wenn Cookies platziert werden.<\/li>\n<\/ul>\n\n\n\n<p>Die Deaktivierung von Cookies kann jedoch den Zugang zu bestimmten Funktionen einschr\u00e4nken oder die Funktionalit\u00e4t der Website beeintr\u00e4chtigen. Um Cookies zu verwalten, konsultieren Sie die Einstellungen Ihres Browsers oder besuchen Sie den Hilfebereich Ihres Browseranbieters f\u00fcr detaillierte Anweisungen.<\/p>\n\n\n\n<h2 class=\"wp-block-heading\"><strong>Cookies von Drittanbietern<\/strong><\/h2>\n\n\n\n<p>Alpha Hosts kann Cookies von Drittanbietern integrieren, einschlie\u00dflich:<\/p>\n\n\n\n<ul class=\"wp-block-list\">\n<li><strong>Analytische Dienstleistungen:<\/strong> Zur Verfolgung und Bewertung der Leistung der Website.<\/li>\n\n\n\n<li><strong>Werbenetzwerke:<\/strong> Zur Bereitstellung gezielter Werbung auf der Grundlage Ihres Surfverhaltens.<\/li>\n\n\n\n<li><strong>Plugins f\u00fcr soziale Medien:<\/strong> Das Teilen von Inhalten auf sozialen Plattformen zu erm\u00f6glichen.<\/li>\n<\/ul>\n\n\n\n<p>Diese Cookies unterliegen den Datenschutzrichtlinien der jeweiligen Anbieter. Alpha Hosts hat keine Kontrolle \u00fcber die Cookie-Praktiken von Drittanbietern und empfiehlt, deren Richtlinien zu \u00fcberpr\u00fcfen, um deren Datenverarbeitungsprozesse zu verstehen.<\/p>\n\n\n\n<h2 class=\"wp-block-heading\"><strong>\u00c4nderungen an dieser Cookie-Richtlinie<\/strong><\/h2>\n\n\n\n<p>Alpha Hosts beh\u00e4lt sich das Recht vor, diese Cookie-Richtlinie bei Bedarf zu aktualisieren. Updates k\u00f6nnen reflektieren:<\/p>\n\n\n\n<ul class=\"wp-block-list\">\n<li>\u00c4nderungen in unseren Praktiken.<\/li>\n\n\n\n<li>Erf\u00fcllung neuer gesetzlicher Anforderungen.<\/li>\n\n\n\n<li>Verbesserungen von Website-Merkmalen oder -Funktionen.<\/li>\n<\/ul>\n\n\n\n<p>Wir werden die Nutzer \u00fcber wesentliche \u00c4nderungen informieren, indem wir die \u00fcberarbeitete Richtlinie auf unserer Website ver\u00f6ffentlichen. Die neue Richtlinie tritt unmittelbar nach ihrer Ver\u00f6ffentlichung in Kraft. Wir empfehlen Ihnen, diese Seite regelm\u00e4\u00dfig zu besuchen, um sich \u00fcber unsere Verwendung von Cookies zu informieren.<\/p>\n\n\n\n<h2 class=\"wp-block-heading\"><strong>Kontakt Alpha Hosts<\/strong><\/h2>\n\n\n\n<p>Wir bei Alpha Hosts sind bestrebt, Ihnen den bestm\u00f6glichen Support zu bieten und auf alle Anfragen oder Bedenken einzugehen, die Sie in Bezug auf diese Cookie-Richtlinie oder einen anderen Aspekt unserer Dienstleistungen haben. Egal, ob Sie eine Kl\u00e4rung, Unterst\u00fctzung bei einem Problem oder weitere Informationen \u00fcber unsere Angebote ben\u00f6tigen, unser Team ist bereit zu helfen.<\/p>\n\n\n\n<p>Wenn Sie Fragen oder Bedenken haben, k\u00f6nnen Sie sich gerne \u00fcber die folgenden Kontaktm\u00f6glichkeiten an uns wenden:<\/p>\n\n\n\n<ul class=\"wp-block-list\">\n<li><strong>E-Mail:<\/strong> F\u00fcr allgemeine Anfragen, Kundensupport oder um unser Team direkt zu kontaktieren, senden Sie uns bitte eine E-Mail an <a href=\"mailto:info@alpha-hosts.com\"><strong>info@alpha-hosts.com<\/strong><\/a>. Wir antworten auf alle E-Mails schnell, in der Regel innerhalb von 24-48 Stunden.<\/li>\n\n\n\n<li><strong>Telefon:<\/strong> Sie k\u00f6nnen uns auch kontaktieren unter <a href=\"tel:+447460012839\">+447460012839<\/a>. Unser Kundendienst steht Ihnen w\u00e4hrend der Gesch\u00e4ftszeiten zur Verf\u00fcgung und hilft Ihnen gerne bei Fragen oder technischen Problemen.<\/li>\n\n\n\n<li><strong>Kontakt-Formular:<\/strong> Alternativ k\u00f6nnen Sie auch unsere <a href=\"https:\/\/alpha-hosts.com\/de\/contact-us\/\"><strong>Kontakt<\/strong><\/a> Dort finden Sie ein Kontaktformular, mit dem Sie Ihre Anfragen direkt an uns richten k\u00f6nnen. Auf diese Weise erreichen Sie unser Team schnell und effizient, und wir werden daf\u00fcr sorgen, dass Ihre Nachricht umgehend bearbeitet wird.<\/li>\n<\/ul>\n\n\n\n<p>Bitte z\u00f6gern Sie nicht, sich mit uns in Verbindung zu setzen, wenn Sie eine Frage zu unserer Cookie-Richtlinie haben, eine Serviceanfrage stellen oder Unterst\u00fctzung bei Problemen ben\u00f6tigen. Wir sind hier, um Sie zu unterst\u00fctzen und eine reibungslose und positive Erfahrung mit Alpha Hosts zu gew\u00e4hrleisten.<\/p>","protected":false},"excerpt":{"rendered":"<p>\u00dcberblick Diese Cookie-Richtlinie erkl\u00e4rt, wie Icologix Ltd, eingetragen in 2 Frederick Street, Kings Cross, London, Vereinigtes K\u00f6nigreich, WC1X 0ND, mit der Registrierungsnummer 16003118, Cookies und \u00e4hnliche Technologien verwendet, um Ihre Erfahrungen auf unserer Website zu verbessern. Durch die weitere Nutzung unserer Website erkl\u00e4ren Sie sich mit der Verwendung von Cookies, wie in dieser Richtlinie beschrieben, einverstanden. [...]<\/p>","protected":false},"author":1,"featured_media":0,"parent":0,"menu_order":0,"comment_status":"closed","ping_status":"closed","template":"","meta":{"_acf_changed":false,"inline_featured_image":false,"_monsterinsights_skip_tracking":false,"_monsterinsights_sitenote_active":false,"_monsterinsights_sitenote_note":"","_monsterinsights_sitenote_category":0,"footnotes":""},"class_list":["post-650","page","type-page","status-publish","hentry"],"acf":[],"yoast_head":"<!-- This site is optimized with the Yoast SEO plugin v25.0 - https:\/\/yoast.com\/wordpress\/plugins\/seo\/ -->\n<title>Cookie Policy - Alpha Hosts<\/title>\n<meta name=\"robots\" content=\"index, follow, max-snippet:-1, max-image-preview:large, max-video-preview:-1\" \/>\n<link rel=\"canonical\" href=\"https:\/\/alpha-hosts.com\/de\/cookie-policy\/\" \/>\n<meta property=\"og:locale\" content=\"de_DE\" \/>\n<meta property=\"og:type\" content=\"article\" \/>\n<meta property=\"og:title\" content=\"Cookie Policy - Alpha Hosts\" \/>\n<meta property=\"og:description\" content=\"Overview This Cookie Policy explains how Icologix Ltd, registered at 2 Frederick Street, Kings Cross, London, United Kingdom, WC1X 0ND, with its registration number 16003118, uses cookies and similar technologies to enhance your experience on our website. By continuing to use our website, you consent to the use of cookies as outlined in this Policy. [&hellip;]\" \/>\n<meta property=\"og:url\" content=\"https:\/\/alpha-hosts.com\/de\/cookie-policy\/\" \/>\n<meta property=\"og:site_name\" content=\"Alpha Hosts\" \/>\n<meta property=\"article:modified_time\" content=\"2025-11-21T09:18:13+00:00\" \/>\n<meta name=\"twitter:card\" content=\"summary_large_image\" \/>\n<meta name=\"twitter:label1\" content=\"Gesch\u00e4tzte Lesezeit\" \/>\n\t<meta name=\"twitter:data1\" content=\"5\u00a0Minuten\" \/>\n<script type=\"application\/ld+json\" class=\"yoast-schema-graph\">{\"@context\":\"https:\/\/schema.org\",\"@graph\":[{\"@type\":\"WebPage\",\"@id\":\"https:\/\/alpha-hosts.com\/cookie-policy\/\",\"url\":\"https:\/\/alpha-hosts.com\/cookie-policy\/\",\"name\":\"Cookie Policy - Alpha Hosts\",\"isPartOf\":{\"@id\":\"https:\/\/alpha-hosts.com\/#website\"},\"datePublished\":\"2025-05-01T07:53:00+00:00\",\"dateModified\":\"2025-11-21T09:18:13+00:00\",\"breadcrumb\":{\"@id\":\"https:\/\/alpha-hosts.com\/cookie-policy\/#breadcrumb\"},\"inLanguage\":\"de\",\"potentialAction\":[{\"@type\":\"ReadAction\",\"target\":[\"https:\/\/alpha-hosts.com\/cookie-policy\/\"]}]},{\"@type\":\"BreadcrumbList\",\"@id\":\"https:\/\/alpha-hosts.com\/cookie-policy\/#breadcrumb\",\"itemListElement\":[{\"@type\":\"ListItem\",\"position\":1,\"name\":\"Home\",\"item\":\"https:\/\/alpha-hosts.com\/\"},{\"@type\":\"ListItem\",\"position\":2,\"name\":\"Cookie Policy\"}]},{\"@type\":\"WebSite\",\"@id\":\"https:\/\/alpha-hosts.com\/#website\",\"url\":\"https:\/\/alpha-hosts.com\/\",\"name\":\"Alpha Hosts\",\"description\":\"\",\"potentialAction\":[{\"@type\":\"SearchAction\",\"target\":{\"@type\":\"EntryPoint\",\"urlTemplate\":\"https:\/\/alpha-hosts.com\/?s={search_term_string}\"},\"query-input\":{\"@type\":\"PropertyValueSpecification\",\"valueRequired\":true,\"valueName\":\"search_term_string\"}}],\"inLanguage\":\"de\"}]}<\/script>\n<!-- \/ Yoast SEO plugin. -->","yoast_head_json":{"title":"Cookie Policy - Alpha Hosts","robots":{"index":"index","follow":"follow","max-snippet":"max-snippet:-1","max-image-preview":"max-image-preview:large","max-video-preview":"max-video-preview:-1"},"canonical":"https:\/\/alpha-hosts.com\/de\/cookie-policy\/","og_locale":"de_DE","og_type":"article","og_title":"Cookie Policy - Alpha Hosts","og_description":"Overview This Cookie Policy explains how Icologix Ltd, registered at 2 Frederick Street, Kings Cross, London, United Kingdom, WC1X 0ND, with its registration number 16003118, uses cookies and similar technologies to enhance your experience on our website. By continuing to use our website, you consent to the use of cookies as outlined in this Policy. [&hellip;]","og_url":"https:\/\/alpha-hosts.com\/de\/cookie-policy\/","og_site_name":"Alpha Hosts","article_modified_time":"2025-11-21T09:18:13+00:00","twitter_card":"summary_large_image","twitter_misc":{"Gesch\u00e4tzte Lesezeit":"5\u00a0Minuten"},"schema":{"@context":"https:\/\/schema.org","@graph":[{"@type":"WebPage","@id":"https:\/\/alpha-hosts.com\/cookie-policy\/","url":"https:\/\/alpha-hosts.com\/cookie-policy\/","name":"Cookie Policy - Alpha Hosts","isPartOf":{"@id":"https:\/\/alpha-hosts.com\/#website"},"datePublished":"2025-05-01T07:53:00+00:00","dateModified":"2025-11-21T09:18:13+00:00","breadcrumb":{"@id":"https:\/\/alpha-hosts.com\/cookie-policy\/#breadcrumb"},"inLanguage":"de","potentialAction":[{"@type":"ReadAction","target":["https:\/\/alpha-hosts.com\/cookie-policy\/"]}]},{"@type":"BreadcrumbList","@id":"https:\/\/alpha-hosts.com\/cookie-policy\/#breadcrumb","itemListElement":[{"@type":"ListItem","position":1,"name":"Home","item":"https:\/\/alpha-hosts.com\/"},{"@type":"ListItem","position":2,"name":"Cookie Policy"}]},{"@type":"WebSite","@id":"https:\/\/alpha-hosts.com\/#website","url":"https:\/\/alpha-hosts.com\/","name":"Alpha Hosts","description":"","potentialAction":[{"@type":"SearchAction","target":{"@type":"EntryPoint","urlTemplate":"https:\/\/alpha-hosts.com\/?s={search_term_string}"},"query-input":{"@type":"PropertyValueSpecification","valueRequired":true,"valueName":"search_term_string"}}],"inLanguage":"de"}]}},"_links":{"self":[{"href":"https:\/\/alpha-hosts.com\/de\/wp-json\/wp\/v2\/pages\/650","targetHints":{"allow":["GET"]}}],"collection":[{"href":"https:\/\/alpha-hosts.com\/de\/wp-json\/wp\/v2\/pages"}],"about":[{"href":"https:\/\/alpha-hosts.com\/de\/wp-json\/wp\/v2\/types\/page"}],"author":[{"embeddable":true,"href":"https:\/\/alpha-hosts.com\/de\/wp-json\/wp\/v2\/users\/1"}],"replies":[{"embeddable":true,"href":"https:\/\/alpha-hosts.com\/de\/wp-json\/wp\/v2\/comments?post=650"}],"version-history":[{"count":4,"href":"https:\/\/alpha-hosts.com\/de\/wp-json\/wp\/v2\/pages\/650\/revisions"}],"predecessor-version":[{"id":1402,"href":"https:\/\/alpha-hosts.com\/de\/wp-json\/wp\/v2\/pages\/650\/revisions\/1402"}],"wp:attachment":[{"href":"https:\/\/alpha-hosts.com\/de\/wp-json\/wp\/v2\/media?parent=650"}],"curies":[{"name":"wp","href":"https:\/\/api.w.org\/{rel}","templated":true}]}}