{"id":162,"date":"2022-05-20T11:19:15","date_gmt":"2022-05-20T11:19:15","guid":{"rendered":"https:\/\/alpha-hosts.com\/?page_id=162"},"modified":"2025-05-08T13:28:14","modified_gmt":"2025-05-08T13:28:14","slug":"about-us","status":"publish","type":"page","link":"https:\/\/alpha-hosts.com\/it\/about-us\/","title":{"rendered":"Chi siamo"},"content":{"rendered":"<div data-elementor-type=\"wp-page\" data-elementor-id=\"162\" class=\"elementor elementor-162\" data-elementor-post-type=\"page\">\n\t\t\t\t\t\t<section class=\"elementor-section elementor-top-section elementor-element elementor-element-43e736a elementor-reverse-mobile elementor-section-boxed elementor-section-height-default elementor-section-height-default\" data-id=\"43e736a\" data-element_type=\"section\" data-settings=\"{&quot;background_background&quot;:&quot;classic&quot;}\">\n\t\t\t\t\t\t<div class=\"elementor-container elementor-column-gap-default\">\n\t\t\t\t\t<div class=\"elementor-column elementor-col-50 elementor-top-column elementor-element elementor-element-aac952b\" data-id=\"aac952b\" data-element_type=\"column\">\n\t\t\t<div class=\"elementor-widget-wrap elementor-element-populated\">\n\t\t\t\t\t\t<div class=\"elementor-element elementor-element-c8158b3 elementor-hidden-mobile elementor-widget elementor-widget-image\" data-id=\"c8158b3\" data-element_type=\"widget\" data-widget_type=\"image.default\">\n\t\t\t\t<div class=\"elementor-widget-container\">\n\t\t\t\t\t\t\t\t\t\t\t\t\t\t\t<img fetchpriority=\"high\" decoding=\"async\" width=\"557\" height=\"412\" src=\"https:\/\/alpha-hosts.com\/wp-content\/uploads\/2022\/05\/Group-80409.png\" class=\"attachment-large size-large wp-image-164\" alt=\"\" srcset=\"https:\/\/alpha-hosts.com\/wp-content\/uploads\/2022\/05\/Group-80409.png 557w, https:\/\/alpha-hosts.com\/wp-content\/uploads\/2022\/05\/Group-80409-300x222.png 300w\" sizes=\"(max-width: 557px) 100vw, 557px\" \/>\t\t\t\t\t\t\t\t\t\t\t\t\t\t\t<\/div>\n\t\t\t\t<\/div>\n\t\t\t\t\t<\/div>\n\t\t<\/div>\n\t\t\t\t<div class=\"elementor-column elementor-col-50 elementor-top-column elementor-element elementor-element-132a9ff\" data-id=\"132a9ff\" data-element_type=\"column\">\n\t\t\t<div class=\"elementor-widget-wrap elementor-element-populated\">\n\t\t\t\t\t\t<div class=\"elementor-element elementor-element-6e59bee elementor-widget elementor-widget-heading\" data-id=\"6e59bee\" data-element_type=\"widget\" data-widget_type=\"heading.default\">\n\t\t\t\t<div class=\"elementor-widget-container\">\n\t\t\t\t\t<h1 class=\"elementor-heading-title elementor-size-default\">Chi sono gli Alpha Hosts Team<\/h1>\t\t\t\t<\/div>\n\t\t\t\t<\/div>\n\t\t\t\t<div class=\"elementor-element elementor-element-54a2b27 elementor-widget elementor-widget-heading\" data-id=\"54a2b27\" data-element_type=\"widget\" data-widget_type=\"heading.default\">\n\t\t\t\t<div class=\"elementor-widget-container\">\n\t\t\t\t\t<h2 class=\"elementor-heading-title elementor-size-default\">I veri professionisti si occupano della funzionalit\u00e0 e dello stile del vostro sito web!<\/h2>\t\t\t\t<\/div>\n\t\t\t\t<\/div>\n\t\t\t\t\t<\/div>\n\t\t<\/div>\n\t\t\t\t\t<\/div>\n\t\t<\/section>\n\t\t\t\t<section class=\"elementor-section elementor-top-section elementor-element elementor-element-2364c99 elementor-section-boxed elementor-section-height-default elementor-section-height-default\" data-id=\"2364c99\" data-element_type=\"section\">\n\t\t\t\t\t\t<div class=\"elementor-container elementor-column-gap-default\">\n\t\t\t\t\t<div class=\"elementor-column elementor-col-50 elementor-top-column elementor-element elementor-element-5478eb8\" data-id=\"5478eb8\" data-element_type=\"column\">\n\t\t\t<div class=\"elementor-widget-wrap elementor-element-populated\">\n\t\t\t\t\t\t<div class=\"elementor-element elementor-element-c3ec44e elementor-widget elementor-widget-image\" data-id=\"c3ec44e\" data-element_type=\"widget\" data-widget_type=\"image.default\">\n\t\t\t\t<div class=\"elementor-widget-container\">\n\t\t\t\t\t\t\t\t\t\t\t\t\t\t\t<img decoding=\"async\" width=\"235\" height=\"235\" src=\"https:\/\/alpha-hosts.com\/wp-content\/uploads\/2022\/05\/Group-80410.png\" class=\"attachment-large size-large wp-image-167\" alt=\"\" srcset=\"https:\/\/alpha-hosts.com\/wp-content\/uploads\/2022\/05\/Group-80410.png 235w, https:\/\/alpha-hosts.com\/wp-content\/uploads\/2022\/05\/Group-80410-100x100.png 100w, https:\/\/alpha-hosts.com\/wp-content\/uploads\/2022\/05\/Group-80410-150x150.png 150w\" sizes=\"(max-width: 235px) 100vw, 235px\" \/>\t\t\t\t\t\t\t\t\t\t\t\t\t\t\t<\/div>\n\t\t\t\t<\/div>\n\t\t\t\t\t<\/div>\n\t\t<\/div>\n\t\t\t\t<div class=\"elementor-column elementor-col-50 elementor-top-column elementor-element elementor-element-1b8d20d\" data-id=\"1b8d20d\" data-element_type=\"column\">\n\t\t\t<div class=\"elementor-widget-wrap elementor-element-populated\">\n\t\t\t\t\t\t<div class=\"elementor-element elementor-element-9424436 elementor-widget elementor-widget-heading\" data-id=\"9424436\" data-element_type=\"widget\" data-widget_type=\"heading.default\">\n\t\t\t\t<div class=\"elementor-widget-container\">\n\t\t\t\t\t<p class=\"elementor-heading-title elementor-size-default\">La nostra azienda \u00e8 stata creata per semplificare la vita a tutti gli imprenditori che vogliono sfruttare le possibilit\u00e0 del digitale per prosperare. Abbiamo riscontrato ripetutamente i problemi che derivano dai proprietari di siti che utilizzano un hosting inaffidabile o gratuito. Abbiamo notato quanto sia importante il design di un sito web per la sua popolarit\u00e0 presso il pubblico. Tutto questo, moltiplicato per le nostre competenze ed esperienze nel web hosting e nel web design, \u00e8 diventato la base per la creazione di Alpha Hosts.\nNon siamo nuovi al mercato dell'informatica. Ogni membro del team di Alpha Hosts gode di un'ottima reputazione nel settore informatico. Siamo anche guidati dal desiderio di fornire servizi che siano richiesti e rilevanti per i clienti.\n<br><br>\nPotete valutare voi stessi il risultato quando richiedete i nostri servizi.\n<br>\nCordiali saluti, team Alpha Hosts!<\/p>\t\t\t\t<\/div>\n\t\t\t\t<\/div>\n\t\t\t\t\t<\/div>\n\t\t<\/div>\n\t\t\t\t\t<\/div>\n\t\t<\/section>\n\t\t\t\t<section class=\"elementor-section elementor-top-section elementor-element elementor-element-bf92f7e elementor-section-boxed elementor-section-height-default elementor-section-height-default\" data-id=\"bf92f7e\" data-element_type=\"section\">\n\t\t\t\t\t\t<div class=\"elementor-container elementor-column-gap-default\">\n\t\t\t\t\t<div class=\"elementor-column elementor-col-100 elementor-top-column elementor-element elementor-element-8317fa5\" data-id=\"8317fa5\" data-element_type=\"column\">\n\t\t\t<div class=\"elementor-widget-wrap elementor-element-populated\">\n\t\t\t\t\t\t<div class=\"elementor-element elementor-element-1d7321f elementor-widget elementor-widget-heading\" data-id=\"1d7321f\" data-element_type=\"widget\" data-widget_type=\"heading.default\">\n\t\t\t\t<div class=\"elementor-widget-container\">\n\t\t\t\t\t<h2 class=\"elementor-heading-title elementor-size-default\">Cosa ci differenzia dagli altri?<\/h2>\t\t\t\t<\/div>\n\t\t\t\t<\/div>\n\t\t\t\t<section class=\"elementor-section elementor-inner-section elementor-element elementor-element-17f9987 elementor-section-boxed elementor-section-height-default elementor-section-height-default\" data-id=\"17f9987\" data-element_type=\"section\">\n\t\t\t\t\t\t<div class=\"elementor-container elementor-column-gap-default\">\n\t\t\t\t\t<div class=\"elementor-column elementor-col-100 elementor-inner-column elementor-element elementor-element-c7156ac\" data-id=\"c7156ac\" data-element_type=\"column\">\n\t\t\t<div class=\"elementor-widget-wrap elementor-element-populated\">\n\t\t\t\t\t\t<div class=\"elementor-element elementor-element-f269bc3 elementor-widget__width-initial elementor-widget-mobile__width-inherit elementor-widget elementor-widget-heading\" data-id=\"f269bc3\" data-element_type=\"widget\" data-widget_type=\"heading.default\">\n\t\t\t\t<div class=\"elementor-widget-container\">\n\t\t\t\t\t<h2 class=\"elementor-heading-title elementor-size-default\">Erogazione responsabile del servizio<\/h2>\t\t\t\t<\/div>\n\t\t\t\t<\/div>\n\t\t\t\t<div class=\"elementor-element elementor-element-4436fdd elementor-widget__width-initial elementor-widget-mobile__width-inherit elementor-widget elementor-widget-heading\" data-id=\"4436fdd\" data-element_type=\"widget\" data-widget_type=\"heading.default\">\n\t\t\t\t<div class=\"elementor-widget-container\">\n\t\t\t\t\t<h2 class=\"elementor-heading-title elementor-size-default\">Flessibilit\u00e0 delle soluzioni<\/h2>\t\t\t\t<\/div>\n\t\t\t\t<\/div>\n\t\t\t\t<div class=\"elementor-element elementor-element-4a4d6ec elementor-widget__width-initial elementor-widget-mobile__width-inherit elementor-widget elementor-widget-heading\" data-id=\"4a4d6ec\" data-element_type=\"widget\" data-widget_type=\"heading.default\">\n\t\t\t\t<div class=\"elementor-widget-container\">\n\t\t\t\t\t<h2 class=\"elementor-heading-title elementor-size-default\">Affidabilit\u00e0 delle apparecchiature<\/h2>\t\t\t\t<\/div>\n\t\t\t\t<\/div>\n\t\t\t\t\t<\/div>\n\t\t<\/div>\n\t\t\t\t\t<\/div>\n\t\t<\/section>\n\t\t\t\t<div class=\"elementor-element elementor-element-498c4ad elementor-widget__width-initial elementor-widget-mobile__width-inherit elementor-widget elementor-widget-heading\" data-id=\"498c4ad\" data-element_type=\"widget\" data-widget_type=\"heading.default\">\n\t\t\t\t<div class=\"elementor-widget-container\">\n\t\t\t\t\t<h2 class=\"elementor-heading-title elementor-size-default\">Creativo moderno<\/h2>\t\t\t\t<\/div>\n\t\t\t\t<\/div>\n\t\t\t\t<div class=\"elementor-element elementor-element-8b606ac elementor-widget__width-initial elementor-widget-mobile__width-inherit elementor-widget elementor-widget-heading\" data-id=\"8b606ac\" data-element_type=\"widget\" data-widget_type=\"heading.default\">\n\t\t\t\t<div class=\"elementor-widget-container\">\n\t\t\t\t\t<h2 class=\"elementor-heading-title elementor-size-default\">Un'ampia gamma di servizi per ogni cliente<\/h2>\t\t\t\t<\/div>\n\t\t\t\t<\/div>\n\t\t\t\t\t<\/div>\n\t\t<\/div>\n\t\t\t\t\t<\/div>\n\t\t<\/section>\n\t\t\t\t<section class=\"elementor-section elementor-top-section elementor-element elementor-element-eaf3a86 elementor-section-boxed elementor-section-height-default elementor-section-height-default\" data-id=\"eaf3a86\" data-element_type=\"section\" data-settings=\"{&quot;background_background&quot;:&quot;classic&quot;}\">\n\t\t\t\t\t\t<div class=\"elementor-container elementor-column-gap-default\">\n\t\t\t\t\t<div class=\"elementor-column elementor-col-100 elementor-top-column elementor-element elementor-element-b5401c6\" data-id=\"b5401c6\" data-element_type=\"column\">\n\t\t\t<div class=\"elementor-widget-wrap elementor-element-populated\">\n\t\t\t\t\t\t<div class=\"elementor-element elementor-element-58b34fc elementor-widget__width-initial elementor-absolute elementor-widget elementor-widget-image\" data-id=\"58b34fc\" data-element_type=\"widget\" data-settings=\"{&quot;_position&quot;:&quot;absolute&quot;}\" data-widget_type=\"image.default\">\n\t\t\t\t<div class=\"elementor-widget-container\">\n\t\t\t\t\t\t\t\t\t\t\t\t\t\t\t<img decoding=\"async\" width=\"355\" height=\"253\" src=\"https:\/\/alpha-hosts.com\/wp-content\/uploads\/2022\/05\/Mask-group-19.png\" class=\"attachment-large size-large wp-image-191\" alt=\"\" srcset=\"https:\/\/alpha-hosts.com\/wp-content\/uploads\/2022\/05\/Mask-group-19.png 355w, https:\/\/alpha-hosts.com\/wp-content\/uploads\/2022\/05\/Mask-group-19-300x214.png 300w\" sizes=\"(max-width: 355px) 100vw, 355px\" \/>\t\t\t\t\t\t\t\t\t\t\t\t\t\t\t<\/div>\n\t\t\t\t<\/div>\n\t\t\t\t<div class=\"elementor-element elementor-element-c9bbd89 elementor-widget elementor-widget-heading\" data-id=\"c9bbd89\" data-element_type=\"widget\" data-widget_type=\"heading.default\">\n\t\t\t\t<div class=\"elementor-widget-container\">\n\t\t\t\t\t<h2 class=\"elementor-heading-title elementor-size-default\">I benefici che si possono ottenere da <br>Ospiti Alpha<\/h2>\t\t\t\t<\/div>\n\t\t\t\t<\/div>\n\t\t\t\t<div class=\"elementor-element elementor-element-18fecf7 lists elementor-icon-list--layout-traditional elementor-list-item-link-full_width elementor-widget elementor-widget-icon-list\" data-id=\"18fecf7\" data-element_type=\"widget\" data-widget_type=\"icon-list.default\">\n\t\t\t\t<div class=\"elementor-widget-container\">\n\t\t\t\t\t\t\t<ul class=\"elementor-icon-list-items\">\n\t\t\t\t\t\t\t<li class=\"elementor-icon-list-item\">\n\t\t\t\t\t\t\t\t\t\t\t<span class=\"elementor-icon-list-icon\">\n\t\t\t\t\t\t\t<svg xmlns=\"http:\/\/www.w3.org\/2000\/svg\" width=\"16\" height=\"16\" viewbox=\"0 0 16 16\" fill=\"none\"><circle cx=\"8\" cy=\"8\" r=\"8\" fill=\"#EDE1DC\"><\/circle><circle cx=\"8\" cy=\"8\" r=\"4\" fill=\"#FF8541\"><\/circle><\/svg>\t\t\t\t\t\t<\/span>\n\t\t\t\t\t\t\t\t\t\t<span class=\"elementor-icon-list-text\">Approccio individuale al vostro progetto. Offriamo solo soluzioni personalizzate che portano alla massima efficienza. <\/span>\n\t\t\t\t\t\t\t\t\t<\/li>\n\t\t\t\t\t\t\t\t<li class=\"elementor-icon-list-item\">\n\t\t\t\t\t\t\t\t\t\t\t<span class=\"elementor-icon-list-icon\">\n\t\t\t\t\t\t\t<svg xmlns=\"http:\/\/www.w3.org\/2000\/svg\" width=\"16\" height=\"16\" viewbox=\"0 0 16 16\" fill=\"none\"><circle cx=\"8\" cy=\"8\" r=\"8\" fill=\"#EDE1DC\"><\/circle><circle cx=\"8\" cy=\"8\" r=\"4\" fill=\"#FF8541\"><\/circle><\/svg>\t\t\t\t\t\t<\/span>\n\t\t\t\t\t\t\t\t\t\t<span class=\"elementor-icon-list-text\">Servizi che garantiscono risultati 100%. Il nostro compito \u00e8 quello di rendere il vostro sito un'efficace fonte di reddito e di garantirne il buon funzionamento. <\/span>\n\t\t\t\t\t\t\t\t\t<\/li>\n\t\t\t\t\t\t\t\t<li class=\"elementor-icon-list-item\">\n\t\t\t\t\t\t\t\t\t\t\t<span class=\"elementor-icon-list-icon\">\n\t\t\t\t\t\t\t<svg xmlns=\"http:\/\/www.w3.org\/2000\/svg\" width=\"16\" height=\"16\" viewbox=\"0 0 16 16\" fill=\"none\"><circle cx=\"8\" cy=\"8\" r=\"8\" fill=\"#EDE1DC\"><\/circle><circle cx=\"8\" cy=\"8\" r=\"4\" fill=\"#FF8541\"><\/circle><\/svg>\t\t\t\t\t\t<\/span>\n\t\t\t\t\t\t\t\t\t\t<span class=\"elementor-icon-list-text\">Disponibilit\u00e0 di servizi per ogni cliente. Offriamo i nostri servizi a prezzi accessibili.<\/span>\n\t\t\t\t\t\t\t\t\t<\/li>\n\t\t\t\t\t\t<\/ul>\n\t\t\t\t\t\t<\/div>\n\t\t\t\t<\/div>\n\t\t\t\t<div class=\"elementor-element elementor-element-32d17c2 elementor-align-left btn elementor-widget__width-initial elementor-widget-mobile__width-inherit elementor-widget elementor-widget-button\" data-id=\"32d17c2\" data-element_type=\"widget\" data-widget_type=\"button.default\">\n\t\t\t\t<div class=\"elementor-widget-container\">\n\t\t\t\t\t\t\t\t\t<div class=\"elementor-button-wrapper\">\n\t\t\t\t\t<a class=\"elementor-button elementor-button-link elementor-size-sm\" href=\"https:\/\/alpha-hosts.com\/it\/hosting-services\/\">\n\t\t\t\t\t\t<span class=\"elementor-button-content-wrapper\">\n\t\t\t\t\t\t<span class=\"elementor-button-icon\">\n\t\t\t\t<svg xmlns=\"http:\/\/www.w3.org\/2000\/svg\" width=\"30\" height=\"30\" viewbox=\"0 0 30 30\" fill=\"none\"><circle cx=\"15\" cy=\"15\" r=\"15\" fill=\"#FF8541\"><\/circle><path d=\"M9 14.25C8.58579 14.25 8.25 14.5858 8.25 15C8.25 15.4142 8.58579 15.75 9 15.75L9 14.25ZM21.5303 15.5303C21.8232 15.2374 21.8232 14.7626 21.5303 14.4697L16.7574 9.6967C16.4645 9.40381 15.9896 9.40381 15.6967 9.6967C15.4038 9.98959 15.4038 10.4645 15.6967 10.7574L19.9393 15L15.6967 19.2426C15.4038 19.5355 15.4038 20.0104 15.6967 20.3033C15.9896 20.5962 16.4645 20.5962 16.7574 20.3033L21.5303 15.5303ZM9 15.75L21 15.75L21 14.25L9 14.25L9 15.75Z\" fill=\"white\"><\/path><\/svg>\t\t\t<\/span>\n\t\t\t\t\t\t\t\t\t<span class=\"elementor-button-text\">Richiedere i servizi di web hosting <\/span>\n\t\t\t\t\t<\/span>\n\t\t\t\t\t<\/a>\n\t\t\t\t<\/div>\n\t\t\t\t\t\t\t\t<\/div>\n\t\t\t\t<\/div>\n\t\t\t\t<div class=\"elementor-element elementor-element-783d0cc elementor-align-left btn elementor-widget__width-initial elementor-widget-mobile__width-inherit elementor-widget elementor-widget-button\" data-id=\"783d0cc\" data-element_type=\"widget\" data-widget_type=\"button.default\">\n\t\t\t\t<div class=\"elementor-widget-container\">\n\t\t\t\t\t\t\t\t\t<div class=\"elementor-button-wrapper\">\n\t\t\t\t\t<a class=\"elementor-button elementor-button-link elementor-size-sm\" href=\"https:\/\/alpha-hosts.com\/it\/web-development\/\">\n\t\t\t\t\t\t<span class=\"elementor-button-content-wrapper\">\n\t\t\t\t\t\t<span class=\"elementor-button-icon\">\n\t\t\t\t<svg xmlns=\"http:\/\/www.w3.org\/2000\/svg\" width=\"30\" height=\"30\" viewbox=\"0 0 30 30\" fill=\"none\"><circle cx=\"15\" cy=\"15\" r=\"15\" fill=\"#FF8541\"><\/circle><path d=\"M9 14.25C8.58579 14.25 8.25 14.5858 8.25 15C8.25 15.4142 8.58579 15.75 9 15.75L9 14.25ZM21.5303 15.5303C21.8232 15.2374 21.8232 14.7626 21.5303 14.4697L16.7574 9.6967C16.4645 9.40381 15.9896 9.40381 15.6967 9.6967C15.4038 9.98959 15.4038 10.4645 15.6967 10.7574L19.9393 15L15.6967 19.2426C15.4038 19.5355 15.4038 20.0104 15.6967 20.3033C15.9896 20.5962 16.4645 20.5962 16.7574 20.3033L21.5303 15.5303ZM9 15.75L21 15.75L21 14.25L9 14.25L9 15.75Z\" fill=\"white\"><\/path><\/svg>\t\t\t<\/span>\n\t\t\t\t\t\t\t\t\t<span class=\"elementor-button-text\">Richiedi i servizi di web design e sviluppo web<\/span>\n\t\t\t\t\t<\/span>\n\t\t\t\t\t<\/a>\n\t\t\t\t<\/div>\n\t\t\t\t\t\t\t\t<\/div>\n\t\t\t\t<\/div>\n\t\t\t\t\t<\/div>\n\t\t<\/div>\n\t\t\t\t\t<\/div>\n\t\t<\/section>\n\t\t\t\t<\/div>","protected":false},"excerpt":{"rendered":"<p>Chi \u00e8 il team Alpha Hosts Dei veri professionisti sono a guardia della funzionalit\u00e0 e dello stile del vostro sito web! La nostra azienda \u00e8 stata creata per rendere la vita pi\u00f9 facile a tutti i proprietari di aziende che vogliono sfruttare le possibilit\u00e0 del digitale per prosperare. Abbiamo riscontrato pi\u00f9 volte i problemi che derivano dai proprietari di siti che utilizzano un hosting inaffidabile o gratuito. [...]<\/p>","protected":false},"author":1,"featured_media":377,"parent":0,"menu_order":0,"comment_status":"closed","ping_status":"closed","template":"elementor_header_footer","meta":{"_acf_changed":false,"inline_featured_image":false,"_monsterinsights_skip_tracking":false,"_monsterinsights_sitenote_active":false,"_monsterinsights_sitenote_note":"","_monsterinsights_sitenote_category":0,"footnotes":""},"class_list":["post-162","page","type-page","status-publish","has-post-thumbnail","hentry"],"acf":[],"yoast_head":"<!-- This site is optimized with the Yoast SEO plugin v25.0 - https:\/\/yoast.com\/wordpress\/plugins\/seo\/ -->\n<title>Alpha Hosts is your reliable website hosting, design &amp; development partner<\/title>\n<meta name=\"description\" content=\"Choosing a reliable contractor is a must for any business. Let\u2019s get acquainted with Alpha Hosts! All the information about our company is in one place.\" \/>\n<meta name=\"robots\" content=\"index, follow, max-snippet:-1, max-image-preview:large, max-video-preview:-1\" \/>\n<link rel=\"canonical\" href=\"https:\/\/alpha-hosts.com\/it\/about-us\/\" \/>\n<meta property=\"og:locale\" content=\"it_IT\" \/>\n<meta property=\"og:type\" content=\"article\" \/>\n<meta property=\"og:title\" content=\"Alpha Hosts is your reliable website hosting, design &amp; development partner\" \/>\n<meta property=\"og:description\" content=\"Choosing a reliable contractor is a must for any business. Let\u2019s get acquainted with Alpha Hosts! All the information about our company is in one place.\" \/>\n<meta property=\"og:url\" content=\"https:\/\/alpha-hosts.com\/it\/about-us\/\" \/>\n<meta property=\"og:site_name\" content=\"Alpha Hosts\" \/>\n<meta property=\"article:modified_time\" content=\"2025-05-08T13:28:14+00:00\" \/>\n<meta property=\"og:image\" content=\"https:\/\/alpha-hosts.com\/wp-content\/uploads\/2022\/05\/1024-\u00d7-514-6.png\" \/>\n\t<meta property=\"og:image:width\" content=\"1024\" \/>\n\t<meta property=\"og:image:height\" content=\"512\" \/>\n\t<meta property=\"og:image:type\" content=\"image\/png\" \/>\n<meta name=\"twitter:card\" content=\"summary_large_image\" \/>\n<meta name=\"twitter:title\" content=\"Alpha Hosts is your reliable website hosting, design &amp; development partner\" \/>\n<meta name=\"twitter:description\" content=\"Choosing a reliable contractor is a must for any business. Let\u2019s get acquainted with Alpha Hosts! All the information about our company is in one place.\" \/>\n<meta name=\"twitter:image\" content=\"https:\/\/alpha-hosts.com\/wp-content\/uploads\/2022\/05\/1024-\u00d7-514-6.png\" \/>\n<meta name=\"twitter:label1\" content=\"Tempo di lettura stimato\" \/>\n\t<meta name=\"twitter:data1\" content=\"2 minuti\" \/>\n<script type=\"application\/ld+json\" class=\"yoast-schema-graph\">{\"@context\":\"https:\/\/schema.org\",\"@graph\":[{\"@type\":\"WebPage\",\"@id\":\"https:\/\/alpha-hosts.com\/about-us\/\",\"url\":\"https:\/\/alpha-hosts.com\/about-us\/\",\"name\":\"Alpha Hosts is your reliable website hosting, design & development partner\",\"isPartOf\":{\"@id\":\"https:\/\/alpha-hosts.com\/#website\"},\"primaryImageOfPage\":{\"@id\":\"https:\/\/alpha-hosts.com\/about-us\/#primaryimage\"},\"image\":{\"@id\":\"https:\/\/alpha-hosts.com\/about-us\/#primaryimage\"},\"thumbnailUrl\":\"https:\/\/alpha-hosts.com\/wp-content\/uploads\/2022\/05\/Frame-7.png\",\"datePublished\":\"2022-05-20T11:19:15+00:00\",\"dateModified\":\"2025-05-08T13:28:14+00:00\",\"description\":\"Choosing a reliable contractor is a must for any business. Let\u2019s get acquainted with Alpha Hosts! All the information about our company is in one place.\",\"breadcrumb\":{\"@id\":\"https:\/\/alpha-hosts.com\/about-us\/#breadcrumb\"},\"inLanguage\":\"it-IT\",\"potentialAction\":[{\"@type\":\"ReadAction\",\"target\":[\"https:\/\/alpha-hosts.com\/about-us\/\"]}]},{\"@type\":\"ImageObject\",\"inLanguage\":\"it-IT\",\"@id\":\"https:\/\/alpha-hosts.com\/about-us\/#primaryimage\",\"url\":\"https:\/\/alpha-hosts.com\/wp-content\/uploads\/2022\/05\/Frame-7.png\",\"contentUrl\":\"https:\/\/alpha-hosts.com\/wp-content\/uploads\/2022\/05\/Frame-7.png\",\"width\":1080,\"height\":1080},{\"@type\":\"BreadcrumbList\",\"@id\":\"https:\/\/alpha-hosts.com\/about-us\/#breadcrumb\",\"itemListElement\":[{\"@type\":\"ListItem\",\"position\":1,\"name\":\"Home\",\"item\":\"https:\/\/alpha-hosts.com\/\"},{\"@type\":\"ListItem\",\"position\":2,\"name\":\"About us\"}]},{\"@type\":\"WebSite\",\"@id\":\"https:\/\/alpha-hosts.com\/#website\",\"url\":\"https:\/\/alpha-hosts.com\/\",\"name\":\"Alpha Hosts\",\"description\":\"\",\"potentialAction\":[{\"@type\":\"SearchAction\",\"target\":{\"@type\":\"EntryPoint\",\"urlTemplate\":\"https:\/\/alpha-hosts.com\/?s={search_term_string}\"},\"query-input\":{\"@type\":\"PropertyValueSpecification\",\"valueRequired\":true,\"valueName\":\"search_term_string\"}}],\"inLanguage\":\"it-IT\"}]}<\/script>\n<!-- \/ Yoast SEO plugin. -->","yoast_head_json":{"title":"Alpha Hosts is your reliable website hosting, design & development partner","description":"Choosing a reliable contractor is a must for any business. Let\u2019s get acquainted with Alpha Hosts! All the information about our company is in one place.","robots":{"index":"index","follow":"follow","max-snippet":"max-snippet:-1","max-image-preview":"max-image-preview:large","max-video-preview":"max-video-preview:-1"},"canonical":"https:\/\/alpha-hosts.com\/it\/about-us\/","og_locale":"it_IT","og_type":"article","og_title":"Alpha Hosts is your reliable website hosting, design & development partner","og_description":"Choosing a reliable contractor is a must for any business. Let\u2019s get acquainted with Alpha Hosts! All the information about our company is in one place.","og_url":"https:\/\/alpha-hosts.com\/it\/about-us\/","og_site_name":"Alpha Hosts","article_modified_time":"2025-05-08T13:28:14+00:00","og_image":[{"width":1024,"height":512,"url":"https:\/\/alpha-hosts.com\/wp-content\/uploads\/2022\/05\/1024-\u00d7-514-6.png","type":"image\/png"}],"twitter_card":"summary_large_image","twitter_title":"Alpha Hosts is your reliable website hosting, design & development partner","twitter_description":"Choosing a reliable contractor is a must for any business. Let\u2019s get acquainted with Alpha Hosts! All the information about our company is in one place.","twitter_image":"https:\/\/alpha-hosts.com\/wp-content\/uploads\/2022\/05\/1024-\u00d7-514-6.png","twitter_misc":{"Tempo di lettura stimato":"2 minuti"},"schema":{"@context":"https:\/\/schema.org","@graph":[{"@type":"WebPage","@id":"https:\/\/alpha-hosts.com\/about-us\/","url":"https:\/\/alpha-hosts.com\/about-us\/","name":"Alpha Hosts is your reliable website hosting, design & development partner","isPartOf":{"@id":"https:\/\/alpha-hosts.com\/#website"},"primaryImageOfPage":{"@id":"https:\/\/alpha-hosts.com\/about-us\/#primaryimage"},"image":{"@id":"https:\/\/alpha-hosts.com\/about-us\/#primaryimage"},"thumbnailUrl":"https:\/\/alpha-hosts.com\/wp-content\/uploads\/2022\/05\/Frame-7.png","datePublished":"2022-05-20T11:19:15+00:00","dateModified":"2025-05-08T13:28:14+00:00","description":"Choosing a reliable contractor is a must for any business. Let\u2019s get acquainted with Alpha Hosts! All the information about our company is in one place.","breadcrumb":{"@id":"https:\/\/alpha-hosts.com\/about-us\/#breadcrumb"},"inLanguage":"it-IT","potentialAction":[{"@type":"ReadAction","target":["https:\/\/alpha-hosts.com\/about-us\/"]}]},{"@type":"ImageObject","inLanguage":"it-IT","@id":"https:\/\/alpha-hosts.com\/about-us\/#primaryimage","url":"https:\/\/alpha-hosts.com\/wp-content\/uploads\/2022\/05\/Frame-7.png","contentUrl":"https:\/\/alpha-hosts.com\/wp-content\/uploads\/2022\/05\/Frame-7.png","width":1080,"height":1080},{"@type":"BreadcrumbList","@id":"https:\/\/alpha-hosts.com\/about-us\/#breadcrumb","itemListElement":[{"@type":"ListItem","position":1,"name":"Home","item":"https:\/\/alpha-hosts.com\/"},{"@type":"ListItem","position":2,"name":"About us"}]},{"@type":"WebSite","@id":"https:\/\/alpha-hosts.com\/#website","url":"https:\/\/alpha-hosts.com\/","name":"Alpha Hosts","description":"","potentialAction":[{"@type":"SearchAction","target":{"@type":"EntryPoint","urlTemplate":"https:\/\/alpha-hosts.com\/?s={search_term_string}"},"query-input":{"@type":"PropertyValueSpecification","valueRequired":true,"valueName":"search_term_string"}}],"inLanguage":"it-IT"}]}},"_links":{"self":[{"href":"https:\/\/alpha-hosts.com\/it\/wp-json\/wp\/v2\/pages\/162","targetHints":{"allow":["GET"]}}],"collection":[{"href":"https:\/\/alpha-hosts.com\/it\/wp-json\/wp\/v2\/pages"}],"about":[{"href":"https:\/\/alpha-hosts.com\/it\/wp-json\/wp\/v2\/types\/page"}],"author":[{"embeddable":true,"href":"https:\/\/alpha-hosts.com\/it\/wp-json\/wp\/v2\/users\/1"}],"replies":[{"embeddable":true,"href":"https:\/\/alpha-hosts.com\/it\/wp-json\/wp\/v2\/comments?post=162"}],"version-history":[{"count":54,"href":"https:\/\/alpha-hosts.com\/it\/wp-json\/wp\/v2\/pages\/162\/revisions"}],"predecessor-version":[{"id":1246,"href":"https:\/\/alpha-hosts.com\/it\/wp-json\/wp\/v2\/pages\/162\/revisions\/1246"}],"wp:featuredmedia":[{"embeddable":true,"href":"https:\/\/alpha-hosts.com\/it\/wp-json\/wp\/v2\/media\/377"}],"wp:attachment":[{"href":"https:\/\/alpha-hosts.com\/it\/wp-json\/wp\/v2\/media?parent=162"}],"curies":[{"name":"wp","href":"https:\/\/api.w.org\/{rel}","templated":true}]}}